{"id":2615,"date":"2025-12-21T16:48:03","date_gmt":"2025-12-21T16:48:03","guid":{"rendered":"https:\/\/dev.tessacooperescritora.com\/blog\/?page_id=2615"},"modified":"2025-12-21T19:37:34","modified_gmt":"2025-12-21T19:37:34","slug":"un-error-perfecto","status":"publish","type":"page","link":"https:\/\/dev.tessacooperescritora.com\/blog\/un-error-perfecto\/","title":{"rendered":"UN ERROR PERFECTO"},"content":{"rendered":"\t\t<div data-elementor-type=\"wp-page\" data-elementor-id=\"2615\" class=\"elementor elementor-2615\">\n\t\t\t\t<div class=\"elementor-element elementor-element-53483264 e-flex e-con-boxed e-con e-parent\" data-id=\"53483264\" data-element_type=\"container\">\n\t\t\t\t\t<div class=\"e-con-inner\">\n\t\t\t\t<div class=\"elementor-element elementor-element-fb249e4 elementor-widget elementor-widget-image\" data-id=\"fb249e4\" data-element_type=\"widget\" data-widget_type=\"image.default\">\n\t\t\t\t<div class=\"elementor-widget-container\">\n\t\t\t\t\t\t\t\t\t\t\t\t\t\t\t\t<a href=\"https:\/\/amzn.eu\/d\/4Wakr4U\">\n\t\t\t\t\t\t\t<img fetchpriority=\"high\" decoding=\"async\" width=\"188\" height=\"300\" src=\"https:\/\/dev.tessacooperescritora.com\/blog\/wp-content\/uploads\/2025\/11\/un_error_perfecto_baja-188x300.jpg\" class=\"attachment-medium size-medium wp-image-2561\" alt=\"\" srcset=\"https:\/\/dev.tessacooperescritora.com\/blog\/wp-content\/uploads\/2025\/11\/un_error_perfecto_baja-188x300.jpg 188w, https:\/\/dev.tessacooperescritora.com\/blog\/wp-content\/uploads\/2025\/11\/un_error_perfecto_baja-640x1024.jpg 640w, https:\/\/dev.tessacooperescritora.com\/blog\/wp-content\/uploads\/2025\/11\/un_error_perfecto_baja-768x1229.jpg 768w, https:\/\/dev.tessacooperescritora.com\/blog\/wp-content\/uploads\/2025\/11\/un_error_perfecto_baja-960x1536.jpg 960w, https:\/\/dev.tessacooperescritora.com\/blog\/wp-content\/uploads\/2025\/11\/un_error_perfecto_baja-1280x2048.jpg 1280w, https:\/\/dev.tessacooperescritora.com\/blog\/wp-content\/uploads\/2025\/11\/un_error_perfecto_baja-1140x1824.jpg 1140w, https:\/\/dev.tessacooperescritora.com\/blog\/wp-content\/uploads\/2025\/11\/un_error_perfecto_baja.jpg 1600w\" sizes=\"(max-width: 188px) 100vw, 188px\" \/>\t\t\t\t\t\t\t\t<\/a>\n\t\t\t\t\t\t\t\t\t\t\t\t\t\t\t<\/div>\n\t\t\t\t<\/div>\n\t\t\t\t<div class=\"elementor-element elementor-element-2b57a32 elementor-align-center elementor-widget elementor-widget-button\" data-id=\"2b57a32\" data-element_type=\"widget\" data-widget_type=\"button.default\">\n\t\t\t\t<div class=\"elementor-widget-container\">\n\t\t\t\t\t\t\t\t\t<div class=\"elementor-button-wrapper\">\n\t\t\t\t\t<a class=\"elementor-button elementor-button-link elementor-size-sm\" href=\"https:\/\/amzn.eu\/d\/4Wakr4U\" id=\"Leer en Amazon\">\n\t\t\t\t\t\t<span class=\"elementor-button-content-wrapper\">\n\t\t\t\t\t\t\t\t\t<span class=\"elementor-button-text\">Leer en Amazon<\/span>\n\t\t\t\t\t<\/span>\n\t\t\t\t\t<\/a>\n\t\t\t\t<\/div>\n\t\t\t\t\t\t\t\t<\/div>\n\t\t\t\t<\/div>\n\t\t\t\t<div class=\"elementor-element elementor-element-723460c elementor-widget elementor-widget-text-editor\" data-id=\"723460c\" data-element_type=\"widget\" data-widget_type=\"text-editor.default\">\n\t\t\t\t<div class=\"elementor-widget-container\">\n\t\t\t\t\t\t\t\t\t<p><em data-start=\"1163\" data-end=\"1249\">Comedia rom\u00e1ntica \u00b7 Serie Errores (autoconclusiva) \u00b7 Tropos: entrega equivocada, relato navide\u00f1o, vecindario.<\/em><\/p>\t\t\t\t\t\t\t\t<\/div>\n\t\t\t\t<\/div>\n\t\t\t\t<div class=\"elementor-element elementor-element-1702cde8 elementor-widget elementor-widget-text-editor\" data-id=\"1702cde8\" data-element_type=\"widget\" data-widget_type=\"text-editor.default\">\n\t\t\t\t<div class=\"elementor-widget-container\">\n\t\t\t\t\t\t\t\t\t<p>SINOPSIS<\/p><p><span class=\"a-text-bold\">Entregar un anillo en la puerta equivocada no suele acabar bien\u2026, salvo en Navidad.<\/span><\/p><p>Me llamo In\u00e9s y trabajo como mensajera de forma temporal. Mi\u00a0<span class=\"a-text-italic\">app<\/span>\u00a0de rutas, a la que llamo Pifia, es una metomentodo, y me conduce hasta Leo, un fot\u00f3grafo que mira el mundo desde un prisma distinto. Entre caf\u00e9s, fotograf\u00edas y vecinos adorables, el barrio conspira para cruzarnos y\u2026 a m\u00ed se me desordena el coraz\u00f3n.<br \/>Hasta que una imagen lo cambia todo.<\/p><p><span class=\"a-text-bold\">\u00bfLista para cometer un error perfecto?<\/span><\/p><p><span class=\"a-text-italic\">Relato navide\u00f1o feel-good, tierno y divertido, para leer de una sentada.<\/span><br \/><span class=\"a-text-italic\">Serie Errores. Puede leerse de forma independiente.<\/span><\/p>\t\t\t\t\t\t\t\t<\/div>\n\t\t\t\t<\/div>\n\t\t\t\t\t<\/div>\n\t\t\t\t<\/div>\n\t\t<div class=\"elementor-element elementor-element-2d9edf7 e-flex e-con-boxed e-con e-parent\" data-id=\"2d9edf7\" data-element_type=\"container\">\n\t\t\t\t\t<div class=\"e-con-inner\">\n\t\t\t\t<div class=\"elementor-element elementor-element-0d8fb79 elementor-align-center elementor-widget elementor-widget-button\" data-id=\"0d8fb79\" data-element_type=\"widget\" data-widget_type=\"button.default\">\n\t\t\t\t<div class=\"elementor-widget-container\">\n\t\t\t\t\t\t\t\t\t<div class=\"elementor-button-wrapper\">\n\t\t\t\t\t<a class=\"elementor-button elementor-button-link elementor-size-sm\" href=\"#\">\n\t\t\t\t\t\t<span class=\"elementor-button-content-wrapper\">\n\t\t\t\t\t\t\t\t\t<span class=\"elementor-button-text\">Leer en Amazon<\/span>\n\t\t\t\t\t<\/span>\n\t\t\t\t\t<\/a>\n\t\t\t\t<\/div>\n\t\t\t\t\t\t\t\t<\/div>\n\t\t\t\t<\/div>\n\t\t\t\t\t<\/div>\n\t\t\t\t<\/div>\n\t\t\t\t<\/div>\n\t\t","protected":false},"excerpt":{"rendered":"<p>Leer en Amazon Comedia rom\u00e1ntica \u00b7 Serie Errores (autoconclusiva) \u00b7 Tropos: entrega equivocada, relato navide\u00f1o, vecindario. SINOPSIS Entregar un anillo en la puerta equivocada no suele acabar bien\u2026, salvo en Navidad. Me llamo In\u00e9s y trabajo como mensajera de forma temporal. Mi\u00a0app\u00a0de rutas, a la que llamo Pifia, es una metomentodo, y me conduce hasta Leo, un fot\u00f3grafo que mira el mundo desde un prisma distinto. Entre caf\u00e9s, fotograf\u00edas y vecinos adorables, el barrio conspira para cruzarnos y\u2026 a m\u00ed se me desordena el coraz\u00f3n. Hasta que una imagen lo cambia todo. \u00bfLista para cometer un error perfecto? Relato navide\u00f1o feel-good, tierno y divertido, para leer de una sentada. Serie Errores. Puede leerse de forma independiente. Leer en Amazon<\/p>\n","protected":false},"author":1,"featured_media":2616,"parent":0,"menu_order":0,"comment_status":"closed","ping_status":"closed","template":"","meta":{"footnotes":""},"class_list":["post-2615","page","type-page","status-publish","has-post-thumbnail","hentry"],"yoast_head":"<!-- This site is optimized with the Yoast SEO plugin v26.4 - https:\/\/yoast.com\/wordpress\/plugins\/seo\/ -->\n<title>UN ERROR PERFECTO - Tessa Cooper Escritora<\/title>\n<meta name=\"description\" content=\"\u00bfBuscas una historia navide\u00f1a con sonrisa final? Un error perfecto: una mensajera, un anillo equivocado y un fot\u00f3grafo que lo cambia todo. Relato rom\u00e1ntico navide\u00f1o de Tessa Cooper,\" \/>\n<meta name=\"robots\" content=\"index, follow, max-snippet:-1, max-image-preview:large, max-video-preview:-1\" \/>\n<link rel=\"canonical\" href=\"https:\/\/dev.tessacooperescritora.com\/blog\/un-error-perfecto\/\" \/>\n<meta property=\"og:locale\" content=\"es_ES\" \/>\n<meta property=\"og:type\" content=\"article\" \/>\n<meta property=\"og:title\" content=\"UN ERROR PERFECTO - Tessa Cooper Escritora\" \/>\n<meta property=\"og:description\" content=\"\u00bfBuscas una historia navide\u00f1a con sonrisa final? Un error perfecto: una mensajera, un anillo equivocado y un fot\u00f3grafo que lo cambia todo. Relato rom\u00e1ntico navide\u00f1o de Tessa Cooper,\" \/>\n<meta property=\"og:url\" content=\"https:\/\/dev.tessacooperescritora.com\/blog\/un-error-perfecto\/\" \/>\n<meta property=\"og:site_name\" content=\"Tessa Cooper Escritora\" \/>\n<meta property=\"article:modified_time\" content=\"2025-12-21T19:37:34+00:00\" \/>\n<meta property=\"og:image\" content=\"https:\/\/dev.tessacooperescritora.com\/blog\/wp-content\/uploads\/2025\/12\/Copia-de-Un-error-con-patas.png\" \/>\n\t<meta property=\"og:image:width\" content=\"820\" \/>\n\t<meta property=\"og:image:height\" content=\"312\" \/>\n\t<meta property=\"og:image:type\" content=\"image\/png\" \/>\n<meta name=\"twitter:card\" content=\"summary_large_image\" \/>\n<meta name=\"twitter:label1\" content=\"Tiempo de lectura\" \/>\n\t<meta name=\"twitter:data1\" content=\"1 minuto\" \/>\n<script type=\"application\/ld+json\" class=\"yoast-schema-graph\">{\"@context\":\"https:\/\/schema.org\",\"@graph\":[{\"@type\":\"WebPage\",\"@id\":\"https:\/\/dev.tessacooperescritora.com\/blog\/un-error-perfecto\/\",\"url\":\"https:\/\/dev.tessacooperescritora.com\/blog\/un-error-perfecto\/\",\"name\":\"UN ERROR PERFECTO - Tessa Cooper Escritora\",\"isPartOf\":{\"@id\":\"https:\/\/dev.tessacooperescritora.com\/blog\/#website\"},\"primaryImageOfPage\":{\"@id\":\"https:\/\/dev.tessacooperescritora.com\/blog\/un-error-perfecto\/#primaryimage\"},\"image\":{\"@id\":\"https:\/\/dev.tessacooperescritora.com\/blog\/un-error-perfecto\/#primaryimage\"},\"thumbnailUrl\":\"https:\/\/dev.tessacooperescritora.com\/blog\/wp-content\/uploads\/2025\/12\/Copia-de-Un-error-con-patas.png\",\"datePublished\":\"2025-12-21T16:48:03+00:00\",\"dateModified\":\"2025-12-21T19:37:34+00:00\",\"description\":\"\u00bfBuscas una historia navide\u00f1a con sonrisa final? Un error perfecto: una mensajera, un anillo equivocado y un fot\u00f3grafo que lo cambia todo. Relato rom\u00e1ntico navide\u00f1o de Tessa Cooper,\",\"breadcrumb\":{\"@id\":\"https:\/\/dev.tessacooperescritora.com\/blog\/un-error-perfecto\/#breadcrumb\"},\"inLanguage\":\"es\",\"potentialAction\":[{\"@type\":\"ReadAction\",\"target\":[\"https:\/\/dev.tessacooperescritora.com\/blog\/un-error-perfecto\/\"]}]},{\"@type\":\"ImageObject\",\"inLanguage\":\"es\",\"@id\":\"https:\/\/dev.tessacooperescritora.com\/blog\/un-error-perfecto\/#primaryimage\",\"url\":\"https:\/\/dev.tessacooperescritora.com\/blog\/wp-content\/uploads\/2025\/12\/Copia-de-Un-error-con-patas.png\",\"contentUrl\":\"https:\/\/dev.tessacooperescritora.com\/blog\/wp-content\/uploads\/2025\/12\/Copia-de-Un-error-con-patas.png\",\"width\":820,\"height\":312},{\"@type\":\"BreadcrumbList\",\"@id\":\"https:\/\/dev.tessacooperescritora.com\/blog\/un-error-perfecto\/#breadcrumb\",\"itemListElement\":[{\"@type\":\"ListItem\",\"position\":1,\"name\":\"Portada\",\"item\":\"https:\/\/dev.tessacooperescritora.com\/blog\/\"},{\"@type\":\"ListItem\",\"position\":2,\"name\":\"UN ERROR PERFECTO\"}]},{\"@type\":\"WebSite\",\"@id\":\"https:\/\/dev.tessacooperescritora.com\/blog\/#website\",\"url\":\"https:\/\/dev.tessacooperescritora.com\/blog\/\",\"name\":\"Tessa Cooper Escritora\",\"description\":\"\",\"potentialAction\":[{\"@type\":\"SearchAction\",\"target\":{\"@type\":\"EntryPoint\",\"urlTemplate\":\"https:\/\/dev.tessacooperescritora.com\/blog\/?s={search_term_string}\"},\"query-input\":{\"@type\":\"PropertyValueSpecification\",\"valueRequired\":true,\"valueName\":\"search_term_string\"}}],\"inLanguage\":\"es\"}]}<\/script>\n<!-- \/ Yoast SEO plugin. -->","yoast_head_json":{"title":"UN ERROR PERFECTO - Tessa Cooper Escritora","description":"\u00bfBuscas una historia navide\u00f1a con sonrisa final? Un error perfecto: una mensajera, un anillo equivocado y un fot\u00f3grafo que lo cambia todo. Relato rom\u00e1ntico navide\u00f1o de Tessa Cooper,","robots":{"index":"index","follow":"follow","max-snippet":"max-snippet:-1","max-image-preview":"max-image-preview:large","max-video-preview":"max-video-preview:-1"},"canonical":"https:\/\/dev.tessacooperescritora.com\/blog\/un-error-perfecto\/","og_locale":"es_ES","og_type":"article","og_title":"UN ERROR PERFECTO - Tessa Cooper Escritora","og_description":"\u00bfBuscas una historia navide\u00f1a con sonrisa final? Un error perfecto: una mensajera, un anillo equivocado y un fot\u00f3grafo que lo cambia todo. Relato rom\u00e1ntico navide\u00f1o de Tessa Cooper,","og_url":"https:\/\/dev.tessacooperescritora.com\/blog\/un-error-perfecto\/","og_site_name":"Tessa Cooper Escritora","article_modified_time":"2025-12-21T19:37:34+00:00","og_image":[{"width":820,"height":312,"url":"https:\/\/dev.tessacooperescritora.com\/blog\/wp-content\/uploads\/2025\/12\/Copia-de-Un-error-con-patas.png","type":"image\/png"}],"twitter_card":"summary_large_image","twitter_misc":{"Tiempo de lectura":"1 minuto"},"schema":{"@context":"https:\/\/schema.org","@graph":[{"@type":"WebPage","@id":"https:\/\/dev.tessacooperescritora.com\/blog\/un-error-perfecto\/","url":"https:\/\/dev.tessacooperescritora.com\/blog\/un-error-perfecto\/","name":"UN ERROR PERFECTO - Tessa Cooper Escritora","isPartOf":{"@id":"https:\/\/dev.tessacooperescritora.com\/blog\/#website"},"primaryImageOfPage":{"@id":"https:\/\/dev.tessacooperescritora.com\/blog\/un-error-perfecto\/#primaryimage"},"image":{"@id":"https:\/\/dev.tessacooperescritora.com\/blog\/un-error-perfecto\/#primaryimage"},"thumbnailUrl":"https:\/\/dev.tessacooperescritora.com\/blog\/wp-content\/uploads\/2025\/12\/Copia-de-Un-error-con-patas.png","datePublished":"2025-12-21T16:48:03+00:00","dateModified":"2025-12-21T19:37:34+00:00","description":"\u00bfBuscas una historia navide\u00f1a con sonrisa final? Un error perfecto: una mensajera, un anillo equivocado y un fot\u00f3grafo que lo cambia todo. Relato rom\u00e1ntico navide\u00f1o de Tessa Cooper,","breadcrumb":{"@id":"https:\/\/dev.tessacooperescritora.com\/blog\/un-error-perfecto\/#breadcrumb"},"inLanguage":"es","potentialAction":[{"@type":"ReadAction","target":["https:\/\/dev.tessacooperescritora.com\/blog\/un-error-perfecto\/"]}]},{"@type":"ImageObject","inLanguage":"es","@id":"https:\/\/dev.tessacooperescritora.com\/blog\/un-error-perfecto\/#primaryimage","url":"https:\/\/dev.tessacooperescritora.com\/blog\/wp-content\/uploads\/2025\/12\/Copia-de-Un-error-con-patas.png","contentUrl":"https:\/\/dev.tessacooperescritora.com\/blog\/wp-content\/uploads\/2025\/12\/Copia-de-Un-error-con-patas.png","width":820,"height":312},{"@type":"BreadcrumbList","@id":"https:\/\/dev.tessacooperescritora.com\/blog\/un-error-perfecto\/#breadcrumb","itemListElement":[{"@type":"ListItem","position":1,"name":"Portada","item":"https:\/\/dev.tessacooperescritora.com\/blog\/"},{"@type":"ListItem","position":2,"name":"UN ERROR PERFECTO"}]},{"@type":"WebSite","@id":"https:\/\/dev.tessacooperescritora.com\/blog\/#website","url":"https:\/\/dev.tessacooperescritora.com\/blog\/","name":"Tessa Cooper Escritora","description":"","potentialAction":[{"@type":"SearchAction","target":{"@type":"EntryPoint","urlTemplate":"https:\/\/dev.tessacooperescritora.com\/blog\/?s={search_term_string}"},"query-input":{"@type":"PropertyValueSpecification","valueRequired":true,"valueName":"search_term_string"}}],"inLanguage":"es"}]}},"acf":[],"_links":{"self":[{"href":"https:\/\/dev.tessacooperescritora.com\/blog\/wp-json\/wp\/v2\/pages\/2615","targetHints":{"allow":["GET"]}}],"collection":[{"href":"https:\/\/dev.tessacooperescritora.com\/blog\/wp-json\/wp\/v2\/pages"}],"about":[{"href":"https:\/\/dev.tessacooperescritora.com\/blog\/wp-json\/wp\/v2\/types\/page"}],"author":[{"embeddable":true,"href":"https:\/\/dev.tessacooperescritora.com\/blog\/wp-json\/wp\/v2\/users\/1"}],"replies":[{"embeddable":true,"href":"https:\/\/dev.tessacooperescritora.com\/blog\/wp-json\/wp\/v2\/comments?post=2615"}],"version-history":[{"count":6,"href":"https:\/\/dev.tessacooperescritora.com\/blog\/wp-json\/wp\/v2\/pages\/2615\/revisions"}],"predecessor-version":[{"id":2686,"href":"https:\/\/dev.tessacooperescritora.com\/blog\/wp-json\/wp\/v2\/pages\/2615\/revisions\/2686"}],"wp:featuredmedia":[{"embeddable":true,"href":"https:\/\/dev.tessacooperescritora.com\/blog\/wp-json\/wp\/v2\/media\/2616"}],"wp:attachment":[{"href":"https:\/\/dev.tessacooperescritora.com\/blog\/wp-json\/wp\/v2\/media?parent=2615"}],"curies":[{"name":"wp","href":"https:\/\/api.w.org\/{rel}","templated":true}]}}