{"id":2529,"date":"2025-01-12T19:02:01","date_gmt":"2025-01-12T19:02:01","guid":{"rendered":"https:\/\/dev.tessacooperescritora.com\/blog\/?page_id=2529"},"modified":"2025-12-22T16:33:20","modified_gmt":"2025-12-22T16:33:20","slug":"sabor-a-mar","status":"publish","type":"page","link":"https:\/\/dev.tessacooperescritora.com\/blog\/sabor-a-mar\/","title":{"rendered":"SABOR A MAR"},"content":{"rendered":"\t\t<div data-elementor-type=\"wp-page\" data-elementor-id=\"2529\" class=\"elementor elementor-2529\">\n\t\t\t\t<div class=\"elementor-element elementor-element-741b6c26 e-flex e-con-boxed e-con e-parent\" data-id=\"741b6c26\" data-element_type=\"container\">\n\t\t\t\t\t<div class=\"e-con-inner\">\n\t\t\t\t<div class=\"elementor-element elementor-element-c394fea elementor-widget elementor-widget-image\" data-id=\"c394fea\" data-element_type=\"widget\" data-widget_type=\"image.default\">\n\t\t\t\t<div class=\"elementor-widget-container\">\n\t\t\t\t\t\t\t\t\t\t\t\t\t\t\t\t<a href=\"https:\/\/amzn.eu\/d\/dj5Bxj5\">\n\t\t\t\t\t\t\t<img fetchpriority=\"high\" decoding=\"async\" width=\"188\" height=\"300\" src=\"https:\/\/dev.tessacooperescritora.com\/blog\/wp-content\/uploads\/2023\/05\/mar_portada_ebook-188x300.jpg\" class=\"attachment-medium size-medium wp-image-2383\" alt=\"\" srcset=\"https:\/\/dev.tessacooperescritora.com\/blog\/wp-content\/uploads\/2023\/05\/mar_portada_ebook-188x300.jpg 188w, https:\/\/dev.tessacooperescritora.com\/blog\/wp-content\/uploads\/2023\/05\/mar_portada_ebook-640x1024.jpg 640w, https:\/\/dev.tessacooperescritora.com\/blog\/wp-content\/uploads\/2023\/05\/mar_portada_ebook-768x1229.jpg 768w, https:\/\/dev.tessacooperescritora.com\/blog\/wp-content\/uploads\/2023\/05\/mar_portada_ebook-960x1536.jpg 960w, https:\/\/dev.tessacooperescritora.com\/blog\/wp-content\/uploads\/2023\/05\/mar_portada_ebook-1280x2048.jpg 1280w, https:\/\/dev.tessacooperescritora.com\/blog\/wp-content\/uploads\/2023\/05\/mar_portada_ebook-1140x1824.jpg 1140w, https:\/\/dev.tessacooperescritora.com\/blog\/wp-content\/uploads\/2023\/05\/mar_portada_ebook.jpg 1600w\" sizes=\"(max-width: 188px) 100vw, 188px\" \/>\t\t\t\t\t\t\t\t<\/a>\n\t\t\t\t\t\t\t\t\t\t\t\t\t\t\t<\/div>\n\t\t\t\t<\/div>\n\t\t\t\t<div class=\"elementor-element elementor-element-32d66eb elementor-widget elementor-widget-text-editor\" data-id=\"32d66eb\" data-element_type=\"widget\" data-widget_type=\"text-editor.default\">\n\t\t\t\t<div class=\"elementor-widget-container\">\n\t\t\t\t\t\t\t\t\t<p>Olas, amaneceres y esa sensaci\u00f3n de estar a punto de cambiar de rumbo.<\/p><p>Sentimientos a flor de piel y un amor que invita a ser valiente.<\/p>\t\t\t\t\t\t\t\t<\/div>\n\t\t\t\t<\/div>\n\t\t\t\t<div class=\"elementor-element elementor-element-2f173a8 elementor-align-center elementor-widget elementor-widget-button\" data-id=\"2f173a8\" data-element_type=\"widget\" data-widget_type=\"button.default\">\n\t\t\t\t<div class=\"elementor-widget-container\">\n\t\t\t\t\t\t\t\t\t<div class=\"elementor-button-wrapper\">\n\t\t\t\t\t<a class=\"elementor-button elementor-button-link elementor-size-sm\" href=\"https:\/\/amzn.eu\/d\/1GRsuCk\">\n\t\t\t\t\t\t<span class=\"elementor-button-content-wrapper\">\n\t\t\t\t\t\t\t\t\t<span class=\"elementor-button-text\">Leer en Amazon<\/span>\n\t\t\t\t\t<\/span>\n\t\t\t\t\t<\/a>\n\t\t\t\t<\/div>\n\t\t\t\t\t\t\t\t<\/div>\n\t\t\t\t<\/div>\n\t\t\t\t<div class=\"elementor-element elementor-element-2761093 elementor-align-center elementor-widget elementor-widget-button\" data-id=\"2761093\" data-element_type=\"widget\" data-widget_type=\"button.default\">\n\t\t\t\t<div class=\"elementor-widget-container\">\n\t\t\t\t\t\t\t\t\t<div class=\"elementor-button-wrapper\">\n\t\t\t\t\t<a class=\"elementor-button elementor-button-link elementor-size-sm\" href=\"https:\/\/dev.tessacooperescritora.com\/blog\/wp-content\/uploads\/2023\/06\/Sabor-a-mar-Fragmento.pdf\">\n\t\t\t\t\t\t<span class=\"elementor-button-content-wrapper\">\n\t\t\t\t\t\t\t\t\t<span class=\"elementor-button-text\">Desc\u00e1rgate las primeras p\u00e1ginas<\/span>\n\t\t\t\t\t<\/span>\n\t\t\t\t\t<\/a>\n\t\t\t\t<\/div>\n\t\t\t\t\t\t\t\t<\/div>\n\t\t\t\t<\/div>\n\t\t\t\t<div class=\"elementor-element elementor-element-a86fe8f elementor-widget elementor-widget-text-editor\" data-id=\"a86fe8f\" data-element_type=\"widget\" data-widget_type=\"text-editor.default\">\n\t\t\t\t<div class=\"elementor-widget-container\">\n\t\t\t\t\t\t\t\t\t<p>Rom\u00e1ntica contempor\u00e1nea \u00b7 Serie Hermanos De la Vega (autoconclusiva; recomendable empezar por <em data-start=\"1000\" data-end=\"1017\">Sabor a regaliz<\/em>)<\/p><p>Tropos: maleta equivocada, proximidad forzosa, grumpy x sunshine y cambio de vida \/ sanar el pasado, slow burn.<\/p>\t\t\t\t\t\t\t\t<\/div>\n\t\t\t\t<\/div>\n\t\t\t\t<div class=\"elementor-element elementor-element-e757cc7 elementor-widget elementor-widget-text-editor\" data-id=\"e757cc7\" data-element_type=\"widget\" data-widget_type=\"text-editor.default\">\n\t\t\t\t<div class=\"elementor-widget-container\">\n\t\t\t\t\t\t\t\t\t<p><strong><span class=\"a-text-bold\">\u00bfA qu\u00e9 renunciar\u00edas por amor?<\/span><\/strong><\/p><p>Tras un intercambio inesperado de maletas,\u00a0<strong><span class=\"a-text-bold\">Lucas<\/span>\u00a0<\/strong>de la Vega acaba en el hotel Atlantis, en Byron Bay. \u00c9l, que ha huido de Madrid para alejarse de las mentiras de su familia y mudar de piel, se dice que pasar\u00e1 all\u00ed solo una noche. A lo sumo, dos.<\/p><p>Para\u00a0<strong><span class=\"a-text-bold\">Cameron<\/span><\/strong>, la vida consiste en amanecer sobre una tabla de surf, entrenar en el Blooms y pasar tiempo con la familia que uno escoge. Cree que \u00abel tiempo y el amor todo lo curan\u00bb; que no importa el pasado ni el futuro, solo el presente.<\/p><p>En\u00a0<span class=\"a-text-bold\">su primer encuentro<\/span>, Cameron ve en \u00e9l a un ser vac\u00edo, y duda entre correr en direcci\u00f3n contraria o echarle una mano. Para Lucas, ella se convierte en una adversaria, un peligro.<\/p><p><strong><span class=\"a-text-bold\">\u00bfQu\u00e9 ocurrir\u00e1 cuando se vean obligados a vivir bajo el mismo techo?<\/span><\/strong><\/p>\t\t\t\t\t\t\t\t<\/div>\n\t\t\t\t<\/div>\n\t\t\t\t\t<\/div>\n\t\t\t\t<\/div>\n\t\t<div class=\"elementor-element elementor-element-94fbf42 e-flex e-con-boxed e-con e-parent\" data-id=\"94fbf42\" data-element_type=\"container\">\n\t\t\t\t\t<div class=\"e-con-inner\">\n\t\t\t\t<div class=\"elementor-element elementor-element-9f1fd12 elementor-align-center elementor-widget elementor-widget-button\" data-id=\"9f1fd12\" data-element_type=\"widget\" data-widget_type=\"button.default\">\n\t\t\t\t<div class=\"elementor-widget-container\">\n\t\t\t\t\t\t\t\t\t<div class=\"elementor-button-wrapper\">\n\t\t\t\t\t<a class=\"elementor-button elementor-button-link elementor-size-sm\" href=\"https:\/\/amzn.eu\/d\/8JaVTwY\">\n\t\t\t\t\t\t<span class=\"elementor-button-content-wrapper\">\n\t\t\t\t\t\t\t\t\t<span class=\"elementor-button-text\">Leer en Amazon<\/span>\n\t\t\t\t\t<\/span>\n\t\t\t\t\t<\/a>\n\t\t\t\t<\/div>\n\t\t\t\t\t\t\t\t<\/div>\n\t\t\t\t<\/div>\n\t\t\t\t\t<\/div>\n\t\t\t\t<\/div>\n\t\t<div class=\"elementor-element elementor-element-7c50f04 e-flex e-con-boxed e-con e-parent\" data-id=\"7c50f04\" data-element_type=\"container\">\n\t\t\t\t\t<div class=\"e-con-inner\">\n\t\t\t\t<div class=\"elementor-element elementor-element-2ed14e5 elementor-align-center elementor-widget elementor-widget-button\" data-id=\"2ed14e5\" data-element_type=\"widget\" data-widget_type=\"button.default\">\n\t\t\t\t<div class=\"elementor-widget-container\">\n\t\t\t\t\t\t\t\t\t<div class=\"elementor-button-wrapper\">\n\t\t\t\t\t<a class=\"elementor-button elementor-button-link elementor-size-sm\" href=\"https:\/\/www.youtube.com\/watch?v=XighXn5jfec\">\n\t\t\t\t\t\t<span class=\"elementor-button-content-wrapper\">\n\t\t\t\t\t\t\t\t\t<span class=\"elementor-button-text\">Booktrailer<\/span>\n\t\t\t\t\t<\/span>\n\t\t\t\t\t<\/a>\n\t\t\t\t<\/div>\n\t\t\t\t\t\t\t\t<\/div>\n\t\t\t\t<\/div>\n\t\t\t\t\t<\/div>\n\t\t\t\t<\/div>\n\t\t\t\t<\/div>\n\t\t","protected":false},"excerpt":{"rendered":"<p>Olas, amaneceres y esa sensaci\u00f3n de estar a punto de cambiar de rumbo. Sentimientos a flor de piel y un amor que invita a ser valiente. Leer en Amazon Desc\u00e1rgate las primeras p\u00e1ginas Rom\u00e1ntica contempor\u00e1nea \u00b7 Serie Hermanos De la Vega (autoconclusiva; recomendable empezar por Sabor a regaliz) Tropos: maleta equivocada, proximidad forzosa, grumpy x sunshine y cambio de vida \/ sanar el pasado, slow burn. \u00bfA qu\u00e9 renunciar\u00edas por amor? Tras un intercambio inesperado de maletas,\u00a0Lucas\u00a0de la Vega acaba en el hotel Atlantis, en Byron Bay. \u00c9l, que ha huido de Madrid para alejarse de las mentiras de su familia y mudar de piel, se dice que pasar\u00e1 all\u00ed solo una noche. A lo sumo, dos. Para\u00a0Cameron, la vida consiste en amanecer sobre una tabla de surf, entrenar en el Blooms y pasar tiempo con la familia que uno escoge. Cree que \u00abel tiempo y el amor todo lo curan\u00bb; que no importa el pasado ni el futuro, solo el presente. En\u00a0su primer encuentro, Cameron ve en \u00e9l a un ser vac\u00edo, y duda entre correr en direcci\u00f3n contraria o echarle una mano. Para Lucas, ella se convierte en una adversaria, un peligro. \u00bfQu\u00e9 ocurrir\u00e1 cuando se vean obligados a vivir bajo el mismo techo? Leer en Amazon Booktrailer<\/p>\n","protected":false},"author":1,"featured_media":2650,"parent":0,"menu_order":0,"comment_status":"closed","ping_status":"closed","template":"","meta":{"footnotes":""},"class_list":["post-2529","page","type-page","status-publish","has-post-thumbnail","hentry"],"yoast_head":"<!-- This site is optimized with the Yoast SEO plugin v26.4 - https:\/\/yoast.com\/wordpress\/plugins\/seo\/ -->\n<title>SABOR A MAR - Tessa Cooper Escritora<\/title>\n<meta name=\"robots\" content=\"index, follow, max-snippet:-1, max-image-preview:large, max-video-preview:-1\" \/>\n<link rel=\"canonical\" href=\"https:\/\/dev.tessacooperescritora.com\/blog\/sabor-a-mar\/\" \/>\n<meta property=\"og:locale\" content=\"es_ES\" \/>\n<meta property=\"og:type\" content=\"article\" \/>\n<meta property=\"og:title\" content=\"SABOR A MAR - Tessa Cooper Escritora\" \/>\n<meta property=\"og:description\" content=\"Olas, amaneceres y esa sensaci\u00f3n de estar a punto de cambiar de rumbo. Sentimientos a flor de piel y un amor que invita a ser valiente. Leer en Amazon Desc\u00e1rgate las primeras p\u00e1ginas Rom\u00e1ntica contempor\u00e1nea \u00b7 Serie Hermanos De la Vega (autoconclusiva; recomendable empezar por Sabor a regaliz) Tropos: maleta equivocada, proximidad forzosa, grumpy x sunshine y cambio de vida \/ sanar el pasado, slow burn. \u00bfA qu\u00e9 renunciar\u00edas por amor? Tras un intercambio inesperado de maletas,\u00a0Lucas\u00a0de la Vega acaba en el hotel Atlantis, en Byron Bay. \u00c9l, que ha huido de Madrid para alejarse de las mentiras de su familia y mudar de piel, se dice que pasar\u00e1 all\u00ed solo una noche. A lo sumo, dos. Para\u00a0Cameron, la vida consiste en amanecer sobre una tabla de surf, entrenar en el Blooms y pasar tiempo con la familia que uno escoge. Cree que \u00abel tiempo y el amor todo lo curan\u00bb; que no importa el pasado ni el futuro, solo el presente. En\u00a0su primer encuentro, Cameron ve en \u00e9l a un ser vac\u00edo, y duda entre correr en direcci\u00f3n contraria o echarle una mano. Para Lucas, ella se convierte en una adversaria, un peligro. \u00bfQu\u00e9 ocurrir\u00e1 cuando se vean obligados a vivir bajo el mismo techo? Leer en Amazon Booktrailer\" \/>\n<meta property=\"og:url\" content=\"https:\/\/dev.tessacooperescritora.com\/blog\/sabor-a-mar\/\" \/>\n<meta property=\"og:site_name\" content=\"Tessa Cooper Escritora\" \/>\n<meta property=\"article:modified_time\" content=\"2025-12-22T16:33:20+00:00\" \/>\n<meta property=\"og:image\" content=\"https:\/\/dev.tessacooperescritora.com\/blog\/wp-content\/uploads\/2025\/12\/Sabor-a-mar-web.png\" \/>\n\t<meta property=\"og:image:width\" content=\"820\" \/>\n\t<meta property=\"og:image:height\" content=\"312\" \/>\n\t<meta property=\"og:image:type\" content=\"image\/png\" \/>\n<meta name=\"twitter:card\" content=\"summary_large_image\" \/>\n<meta name=\"twitter:label1\" content=\"Tiempo de lectura\" \/>\n\t<meta name=\"twitter:data1\" content=\"2 minutos\" \/>\n<script type=\"application\/ld+json\" class=\"yoast-schema-graph\">{\"@context\":\"https:\/\/schema.org\",\"@graph\":[{\"@type\":\"WebPage\",\"@id\":\"https:\/\/dev.tessacooperescritora.com\/blog\/sabor-a-mar\/\",\"url\":\"https:\/\/dev.tessacooperescritora.com\/blog\/sabor-a-mar\/\",\"name\":\"SABOR A MAR - Tessa Cooper Escritora\",\"isPartOf\":{\"@id\":\"https:\/\/dev.tessacooperescritora.com\/blog\/#website\"},\"primaryImageOfPage\":{\"@id\":\"https:\/\/dev.tessacooperescritora.com\/blog\/sabor-a-mar\/#primaryimage\"},\"image\":{\"@id\":\"https:\/\/dev.tessacooperescritora.com\/blog\/sabor-a-mar\/#primaryimage\"},\"thumbnailUrl\":\"https:\/\/dev.tessacooperescritora.com\/blog\/wp-content\/uploads\/2025\/12\/Sabor-a-mar-web.png\",\"datePublished\":\"2025-01-12T19:02:01+00:00\",\"dateModified\":\"2025-12-22T16:33:20+00:00\",\"breadcrumb\":{\"@id\":\"https:\/\/dev.tessacooperescritora.com\/blog\/sabor-a-mar\/#breadcrumb\"},\"inLanguage\":\"es\",\"potentialAction\":[{\"@type\":\"ReadAction\",\"target\":[\"https:\/\/dev.tessacooperescritora.com\/blog\/sabor-a-mar\/\"]}]},{\"@type\":\"ImageObject\",\"inLanguage\":\"es\",\"@id\":\"https:\/\/dev.tessacooperescritora.com\/blog\/sabor-a-mar\/#primaryimage\",\"url\":\"https:\/\/dev.tessacooperescritora.com\/blog\/wp-content\/uploads\/2025\/12\/Sabor-a-mar-web.png\",\"contentUrl\":\"https:\/\/dev.tessacooperescritora.com\/blog\/wp-content\/uploads\/2025\/12\/Sabor-a-mar-web.png\",\"width\":820,\"height\":312},{\"@type\":\"BreadcrumbList\",\"@id\":\"https:\/\/dev.tessacooperescritora.com\/blog\/sabor-a-mar\/#breadcrumb\",\"itemListElement\":[{\"@type\":\"ListItem\",\"position\":1,\"name\":\"Portada\",\"item\":\"https:\/\/dev.tessacooperescritora.com\/blog\/\"},{\"@type\":\"ListItem\",\"position\":2,\"name\":\"SABOR A MAR\"}]},{\"@type\":\"WebSite\",\"@id\":\"https:\/\/dev.tessacooperescritora.com\/blog\/#website\",\"url\":\"https:\/\/dev.tessacooperescritora.com\/blog\/\",\"name\":\"Tessa Cooper Escritora\",\"description\":\"\",\"potentialAction\":[{\"@type\":\"SearchAction\",\"target\":{\"@type\":\"EntryPoint\",\"urlTemplate\":\"https:\/\/dev.tessacooperescritora.com\/blog\/?s={search_term_string}\"},\"query-input\":{\"@type\":\"PropertyValueSpecification\",\"valueRequired\":true,\"valueName\":\"search_term_string\"}}],\"inLanguage\":\"es\"}]}<\/script>\n<!-- \/ Yoast SEO plugin. -->","yoast_head_json":{"title":"SABOR A MAR - Tessa Cooper Escritora","robots":{"index":"index","follow":"follow","max-snippet":"max-snippet:-1","max-image-preview":"max-image-preview:large","max-video-preview":"max-video-preview:-1"},"canonical":"https:\/\/dev.tessacooperescritora.com\/blog\/sabor-a-mar\/","og_locale":"es_ES","og_type":"article","og_title":"SABOR A MAR - Tessa Cooper Escritora","og_description":"Olas, amaneceres y esa sensaci\u00f3n de estar a punto de cambiar de rumbo. Sentimientos a flor de piel y un amor que invita a ser valiente. Leer en Amazon Desc\u00e1rgate las primeras p\u00e1ginas Rom\u00e1ntica contempor\u00e1nea \u00b7 Serie Hermanos De la Vega (autoconclusiva; recomendable empezar por Sabor a regaliz) Tropos: maleta equivocada, proximidad forzosa, grumpy x sunshine y cambio de vida \/ sanar el pasado, slow burn. \u00bfA qu\u00e9 renunciar\u00edas por amor? Tras un intercambio inesperado de maletas,\u00a0Lucas\u00a0de la Vega acaba en el hotel Atlantis, en Byron Bay. \u00c9l, que ha huido de Madrid para alejarse de las mentiras de su familia y mudar de piel, se dice que pasar\u00e1 all\u00ed solo una noche. A lo sumo, dos. Para\u00a0Cameron, la vida consiste en amanecer sobre una tabla de surf, entrenar en el Blooms y pasar tiempo con la familia que uno escoge. Cree que \u00abel tiempo y el amor todo lo curan\u00bb; que no importa el pasado ni el futuro, solo el presente. En\u00a0su primer encuentro, Cameron ve en \u00e9l a un ser vac\u00edo, y duda entre correr en direcci\u00f3n contraria o echarle una mano. Para Lucas, ella se convierte en una adversaria, un peligro. \u00bfQu\u00e9 ocurrir\u00e1 cuando se vean obligados a vivir bajo el mismo techo? Leer en Amazon Booktrailer","og_url":"https:\/\/dev.tessacooperescritora.com\/blog\/sabor-a-mar\/","og_site_name":"Tessa Cooper Escritora","article_modified_time":"2025-12-22T16:33:20+00:00","og_image":[{"width":820,"height":312,"url":"https:\/\/dev.tessacooperescritora.com\/blog\/wp-content\/uploads\/2025\/12\/Sabor-a-mar-web.png","type":"image\/png"}],"twitter_card":"summary_large_image","twitter_misc":{"Tiempo de lectura":"2 minutos"},"schema":{"@context":"https:\/\/schema.org","@graph":[{"@type":"WebPage","@id":"https:\/\/dev.tessacooperescritora.com\/blog\/sabor-a-mar\/","url":"https:\/\/dev.tessacooperescritora.com\/blog\/sabor-a-mar\/","name":"SABOR A MAR - Tessa Cooper Escritora","isPartOf":{"@id":"https:\/\/dev.tessacooperescritora.com\/blog\/#website"},"primaryImageOfPage":{"@id":"https:\/\/dev.tessacooperescritora.com\/blog\/sabor-a-mar\/#primaryimage"},"image":{"@id":"https:\/\/dev.tessacooperescritora.com\/blog\/sabor-a-mar\/#primaryimage"},"thumbnailUrl":"https:\/\/dev.tessacooperescritora.com\/blog\/wp-content\/uploads\/2025\/12\/Sabor-a-mar-web.png","datePublished":"2025-01-12T19:02:01+00:00","dateModified":"2025-12-22T16:33:20+00:00","breadcrumb":{"@id":"https:\/\/dev.tessacooperescritora.com\/blog\/sabor-a-mar\/#breadcrumb"},"inLanguage":"es","potentialAction":[{"@type":"ReadAction","target":["https:\/\/dev.tessacooperescritora.com\/blog\/sabor-a-mar\/"]}]},{"@type":"ImageObject","inLanguage":"es","@id":"https:\/\/dev.tessacooperescritora.com\/blog\/sabor-a-mar\/#primaryimage","url":"https:\/\/dev.tessacooperescritora.com\/blog\/wp-content\/uploads\/2025\/12\/Sabor-a-mar-web.png","contentUrl":"https:\/\/dev.tessacooperescritora.com\/blog\/wp-content\/uploads\/2025\/12\/Sabor-a-mar-web.png","width":820,"height":312},{"@type":"BreadcrumbList","@id":"https:\/\/dev.tessacooperescritora.com\/blog\/sabor-a-mar\/#breadcrumb","itemListElement":[{"@type":"ListItem","position":1,"name":"Portada","item":"https:\/\/dev.tessacooperescritora.com\/blog\/"},{"@type":"ListItem","position":2,"name":"SABOR A MAR"}]},{"@type":"WebSite","@id":"https:\/\/dev.tessacooperescritora.com\/blog\/#website","url":"https:\/\/dev.tessacooperescritora.com\/blog\/","name":"Tessa Cooper Escritora","description":"","potentialAction":[{"@type":"SearchAction","target":{"@type":"EntryPoint","urlTemplate":"https:\/\/dev.tessacooperescritora.com\/blog\/?s={search_term_string}"},"query-input":{"@type":"PropertyValueSpecification","valueRequired":true,"valueName":"search_term_string"}}],"inLanguage":"es"}]}},"acf":[],"_links":{"self":[{"href":"https:\/\/dev.tessacooperescritora.com\/blog\/wp-json\/wp\/v2\/pages\/2529","targetHints":{"allow":["GET"]}}],"collection":[{"href":"https:\/\/dev.tessacooperescritora.com\/blog\/wp-json\/wp\/v2\/pages"}],"about":[{"href":"https:\/\/dev.tessacooperescritora.com\/blog\/wp-json\/wp\/v2\/types\/page"}],"author":[{"embeddable":true,"href":"https:\/\/dev.tessacooperescritora.com\/blog\/wp-json\/wp\/v2\/users\/1"}],"replies":[{"embeddable":true,"href":"https:\/\/dev.tessacooperescritora.com\/blog\/wp-json\/wp\/v2\/comments?post=2529"}],"version-history":[{"count":10,"href":"https:\/\/dev.tessacooperescritora.com\/blog\/wp-json\/wp\/v2\/pages\/2529\/revisions"}],"predecessor-version":[{"id":2743,"href":"https:\/\/dev.tessacooperescritora.com\/blog\/wp-json\/wp\/v2\/pages\/2529\/revisions\/2743"}],"wp:featuredmedia":[{"embeddable":true,"href":"https:\/\/dev.tessacooperescritora.com\/blog\/wp-json\/wp\/v2\/media\/2650"}],"wp:attachment":[{"href":"https:\/\/dev.tessacooperescritora.com\/blog\/wp-json\/wp\/v2\/media?parent=2529"}],"curies":[{"name":"wp","href":"https:\/\/api.w.org\/{rel}","templated":true}]}}