{"id":2409,"date":"2024-09-27T21:05:34","date_gmt":"2024-09-27T20:05:34","guid":{"rendered":"https:\/\/dev.tessacooperescritora.com\/blog\/?page_id=2409"},"modified":"2025-12-22T16:03:20","modified_gmt":"2025-12-22T16:03:20","slug":"2409-2","status":"publish","type":"page","link":"https:\/\/dev.tessacooperescritora.com\/blog\/2409-2\/","title":{"rendered":"CONECTADOS POR ERROR"},"content":{"rendered":"\t\t<div data-elementor-type=\"wp-page\" data-elementor-id=\"2409\" class=\"elementor elementor-2409\">\n\t\t\t\t<div class=\"elementor-element elementor-element-494b2081 e-flex e-con-boxed e-con e-parent\" data-id=\"494b2081\" data-element_type=\"container\">\n\t\t\t\t\t<div class=\"e-con-inner\">\n\t\t\t\t<div class=\"elementor-element elementor-element-bfdf8f2 elementor-widget elementor-widget-image\" data-id=\"bfdf8f2\" data-element_type=\"widget\" data-widget_type=\"image.default\">\n\t\t\t\t<div class=\"elementor-widget-container\">\n\t\t\t\t\t\t\t\t\t\t\t\t\t\t\t\t<a href=\"https:\/\/amzn.eu\/d\/hR0gmXo\">\n\t\t\t\t\t\t\t<img fetchpriority=\"high\" decoding=\"async\" width=\"188\" height=\"300\" src=\"https:\/\/dev.tessacooperescritora.com\/blog\/wp-content\/uploads\/2025\/12\/conectados_por_error_ebook-188x300.jpg\" class=\"attachment-medium size-medium wp-image-2623\" alt=\"\" srcset=\"https:\/\/dev.tessacooperescritora.com\/blog\/wp-content\/uploads\/2025\/12\/conectados_por_error_ebook-188x300.jpg 188w, https:\/\/dev.tessacooperescritora.com\/blog\/wp-content\/uploads\/2025\/12\/conectados_por_error_ebook-640x1024.jpg 640w, https:\/\/dev.tessacooperescritora.com\/blog\/wp-content\/uploads\/2025\/12\/conectados_por_error_ebook-768x1229.jpg 768w, https:\/\/dev.tessacooperescritora.com\/blog\/wp-content\/uploads\/2025\/12\/conectados_por_error_ebook-960x1536.jpg 960w, https:\/\/dev.tessacooperescritora.com\/blog\/wp-content\/uploads\/2025\/12\/conectados_por_error_ebook-1280x2048.jpg 1280w, https:\/\/dev.tessacooperescritora.com\/blog\/wp-content\/uploads\/2025\/12\/conectados_por_error_ebook-1140x1824.jpg 1140w, https:\/\/dev.tessacooperescritora.com\/blog\/wp-content\/uploads\/2025\/12\/conectados_por_error_ebook.jpg 1600w\" sizes=\"(max-width: 188px) 100vw, 188px\" \/>\t\t\t\t\t\t\t\t<\/a>\n\t\t\t\t\t\t\t\t\t\t\t\t\t\t\t<\/div>\n\t\t\t\t<\/div>\n\t\t\t\t<div class=\"elementor-element elementor-element-7e3b25f elementor-widget elementor-widget-text-editor\" data-id=\"7e3b25f\" data-element_type=\"widget\" data-widget_type=\"text-editor.default\">\n\t\t\t\t<div class=\"elementor-widget-container\">\n\t\t\t\t\t\t\t\t\t<p>Romcom contempor\u00e1nea a base de mensajes: piques, pullitas y una tensi\u00f3n bonita que crece\u00a0<\/p>\n<p>notificaci\u00f3n a notificaci\u00f3n. Dos desconocidos \u00abconectados\u00bb por accidente\u2026 que ya no pueden soltarse.<\/p>\t\t\t\t\t\t\t\t<\/div>\n\t\t\t\t<\/div>\n\t\t\t\t<div class=\"elementor-element elementor-element-1801b7d elementor-align-center elementor-widget elementor-widget-button\" data-id=\"1801b7d\" data-element_type=\"widget\" data-widget_type=\"button.default\">\n\t\t\t\t<div class=\"elementor-widget-container\">\n\t\t\t\t\t\t\t\t\t<div class=\"elementor-button-wrapper\">\n\t\t\t\t\t<a class=\"elementor-button elementor-button-link elementor-size-sm\" href=\"https:\/\/amzn.eu\/d\/hR0gmXo\">\n\t\t\t\t\t\t<span class=\"elementor-button-content-wrapper\">\n\t\t\t\t\t\t\t\t\t<span class=\"elementor-button-text\">Leer en Amazon<\/span>\n\t\t\t\t\t<\/span>\n\t\t\t\t\t<\/a>\n\t\t\t\t<\/div>\n\t\t\t\t\t\t\t\t<\/div>\n\t\t\t\t<\/div>\n\t\t\t\t<div class=\"elementor-element elementor-element-f33f4b7 elementor-align-center elementor-widget elementor-widget-button\" data-id=\"f33f4b7\" data-element_type=\"widget\" data-widget_type=\"button.default\">\n\t\t\t\t<div class=\"elementor-widget-container\">\n\t\t\t\t\t\t\t\t\t<div class=\"elementor-button-wrapper\">\n\t\t\t\t\t<a class=\"elementor-button elementor-button-link elementor-size-sm\" href=\"https:\/\/dev.tessacooperescritora.com\/blog\/wp-content\/uploads\/2024\/09\/conectados_por_error_24_9_2024_color_primeras_paginas.pdf\">\n\t\t\t\t\t\t<span class=\"elementor-button-content-wrapper\">\n\t\t\t\t\t\t\t\t\t<span class=\"elementor-button-text\">Descargar primeros cap\u00edtulos<\/span>\n\t\t\t\t\t<\/span>\n\t\t\t\t\t<\/a>\n\t\t\t\t<\/div>\n\t\t\t\t\t\t\t\t<\/div>\n\t\t\t\t<\/div>\n\t\t\t\t<div class=\"elementor-element elementor-element-370e3b2 elementor-widget elementor-widget-text-editor\" data-id=\"370e3b2\" data-element_type=\"widget\" data-widget_type=\"text-editor.default\">\n\t\t\t\t<div class=\"elementor-widget-container\">\n\t\t\t\t\t\t\t\t\t<p>Comedia rom\u00e1ntica \u00b7 Serie Errores (autoconclusiva)<\/p>\n<p>Tropos<strong data-start=\"451\" data-end=\"462\">:<\/strong> meet-cute digital, tensi\u00f3n lenta, mensajes\/chats, opuestos que se atraen.<\/p>\t\t\t\t\t\t\t\t<\/div>\n\t\t\t\t<\/div>\n\t\t\t\t<div class=\"elementor-element elementor-element-73a5c854 elementor-widget elementor-widget-text-editor\" data-id=\"73a5c854\" data-element_type=\"widget\" data-widget_type=\"text-editor.default\">\n\t\t\t\t<div class=\"elementor-widget-container\">\n\t\t\t\t\t\t\t\t\t\n<p class=\"has-text-align-center has-large-font-size\">\u00a0<\/p>\n\n<p class=\"has-medium-font-size\">Sinopsis<\/p>\n\n<p>De: Alberto<br \/>Para: Ti<br \/>Querida lectora:<br \/>Miriam, mi ex, se ha llevado a Pi. Para recuperarlo, escrib\u00ed a un abogado especialista en custodia de mascotas, pero la persona que me ha contestado no me inspira confianza: \u00a1si me ha dicho lo que hizo con su novio en un hotel de Rep\u00fablica Dominicana! Bochornoso. Espero no saber m\u00e1s de ella.<\/p>\n\n<p>De: Alba<br \/>Para: Ti<br \/>\u00a1Hola!<br \/>\u00bfPuedes creer que Alberto se haya ofendido porque le ofrec\u00ed mi ayuda? Me niego a pensar que alguien pueda ser tan rancio. Seguro que solo necesita un poco de buen humor; al fin y al cabo, \u00a1han secuestrado a su perro! Hace rato que no responde a mis mensajes. \u00a1Anda! Acaba de contestar. Perd\u00f3name, voy a ver qu\u00e9 dice.<\/p>\n\n<p>P. D.: Bienvenida a una comedia rom\u00e1ntica a golpe de teclado.<\/p>\n<p><strong>Todas las novelas de la Serie Errores se pueden leer de forma independiente y en el orden que prefieras.<\/strong><\/p>\n\t\t\t\t\t\t\t\t<\/div>\n\t\t\t\t<\/div>\n\t\t\t\t<div class=\"elementor-element elementor-element-5b228a7 elementor-align-center elementor-widget elementor-widget-button\" data-id=\"5b228a7\" data-element_type=\"widget\" data-widget_type=\"button.default\">\n\t\t\t\t<div class=\"elementor-widget-container\">\n\t\t\t\t\t\t\t\t\t<div class=\"elementor-button-wrapper\">\n\t\t\t\t\t<a class=\"elementor-button elementor-button-link elementor-size-sm\" href=\"https:\/\/amzn.eu\/d\/6iKlKL4\">\n\t\t\t\t\t\t<span class=\"elementor-button-content-wrapper\">\n\t\t\t\t\t\t\t\t\t<span class=\"elementor-button-text\">Leer en Amazon<\/span>\n\t\t\t\t\t<\/span>\n\t\t\t\t\t<\/a>\n\t\t\t\t<\/div>\n\t\t\t\t\t\t\t\t<\/div>\n\t\t\t\t<\/div>\n\t\t\t\t<div class=\"elementor-element elementor-element-0d30f04 elementor-align-center elementor-widget elementor-widget-button\" data-id=\"0d30f04\" data-element_type=\"widget\" data-widget_type=\"button.default\">\n\t\t\t\t<div class=\"elementor-widget-container\">\n\t\t\t\t\t\t\t\t\t<div class=\"elementor-button-wrapper\">\n\t\t\t\t\t<a class=\"elementor-button elementor-button-link elementor-size-sm\" href=\"https:\/\/www.youtube.com\/watch?v=F0e6zHYCd3U\">\n\t\t\t\t\t\t<span class=\"elementor-button-content-wrapper\">\n\t\t\t\t\t\t\t\t\t<span class=\"elementor-button-text\">Booktrailer<\/span>\n\t\t\t\t\t<\/span>\n\t\t\t\t\t<\/a>\n\t\t\t\t<\/div>\n\t\t\t\t\t\t\t\t<\/div>\n\t\t\t\t<\/div>\n\t\t\t\t\t<\/div>\n\t\t\t\t<\/div>\n\t\t\t\t<\/div>\n\t\t","protected":false},"excerpt":{"rendered":"<p>Romcom contempor\u00e1nea a base de mensajes: piques, pullitas y una tensi\u00f3n bonita que crece\u00a0 notificaci\u00f3n a notificaci\u00f3n. Dos desconocidos \u00abconectados\u00bb por accidente\u2026 que ya no pueden soltarse. Leer en Amazon Descargar primeros cap\u00edtulos Comedia rom\u00e1ntica \u00b7 Serie Errores (autoconclusiva) Tropos: meet-cute digital, tensi\u00f3n lenta, mensajes\/chats, opuestos que se atraen. \u00a0 Sinopsis De: AlbertoPara: TiQuerida lectora:Miriam, mi ex, se ha llevado a Pi. Para recuperarlo, escrib\u00ed a un abogado especialista en custodia de mascotas, pero la persona que me ha contestado no me inspira confianza: \u00a1si me ha dicho lo que hizo con su novio en un hotel de Rep\u00fablica Dominicana! Bochornoso. Espero no saber m\u00e1s de ella. De: AlbaPara: Ti\u00a1Hola!\u00bfPuedes creer que Alberto se haya ofendido porque le ofrec\u00ed mi ayuda? Me niego a pensar que alguien pueda ser tan rancio. Seguro que solo necesita un poco de buen humor; al fin y al cabo, \u00a1han secuestrado a su perro! Hace rato que no responde a mis mensajes. \u00a1Anda! Acaba de contestar. Perd\u00f3name, voy a ver qu\u00e9 dice. P. D.: Bienvenida a una comedia rom\u00e1ntica a golpe de teclado. Todas las novelas de la Serie Errores se pueden leer de forma independiente y en el orden que prefieras. Leer en Amazon Booktrailer<\/p>\n","protected":false},"author":1,"featured_media":2422,"parent":0,"menu_order":0,"comment_status":"closed","ping_status":"closed","template":"","meta":{"footnotes":""},"class_list":["post-2409","page","type-page","status-publish","has-post-thumbnail","hentry"],"yoast_head":"<!-- This site is optimized with the Yoast SEO plugin v26.4 - https:\/\/yoast.com\/wordpress\/plugins\/seo\/ -->\n<title>CONECTADOS POR ERROR - Tessa Cooper Escritora<\/title>\n<meta name=\"description\" content=\"La ex de Alberto se lleva a su perro. Sin dar cr\u00e9dito, decide ponerse en contacto con un abogado especialista en custodia de mascotas.\" \/>\n<meta name=\"robots\" content=\"index, follow, max-snippet:-1, max-image-preview:large, max-video-preview:-1\" \/>\n<link rel=\"canonical\" href=\"https:\/\/dev.tessacooperescritora.com\/blog\/2409-2\/\" \/>\n<meta property=\"og:locale\" content=\"es_ES\" \/>\n<meta property=\"og:type\" content=\"article\" \/>\n<meta property=\"og:title\" content=\"CONECTADOS POR ERROR - Tessa Cooper Escritora\" \/>\n<meta property=\"og:description\" content=\"La ex de Alberto se lleva a su perro. Sin dar cr\u00e9dito, decide ponerse en contacto con un abogado especialista en custodia de mascotas.\" \/>\n<meta property=\"og:url\" content=\"https:\/\/dev.tessacooperescritora.com\/blog\/2409-2\/\" \/>\n<meta property=\"og:site_name\" content=\"Tessa Cooper Escritora\" \/>\n<meta property=\"article:modified_time\" content=\"2025-12-22T16:03:20+00:00\" \/>\n<meta property=\"og:image\" content=\"https:\/\/dev.tessacooperescritora.com\/blog\/wp-content\/uploads\/2024\/09\/Copia-de-Diseno-sin-titulo-1.png\" \/>\n\t<meta property=\"og:image:width\" content=\"1584\" \/>\n\t<meta property=\"og:image:height\" content=\"396\" \/>\n\t<meta property=\"og:image:type\" content=\"image\/png\" \/>\n<meta name=\"twitter:card\" content=\"summary_large_image\" \/>\n<meta name=\"twitter:label1\" content=\"Tiempo de lectura\" \/>\n\t<meta name=\"twitter:data1\" content=\"2 minutos\" \/>\n<script type=\"application\/ld+json\" class=\"yoast-schema-graph\">{\"@context\":\"https:\/\/schema.org\",\"@graph\":[{\"@type\":\"WebPage\",\"@id\":\"https:\/\/dev.tessacooperescritora.com\/blog\/2409-2\/\",\"url\":\"https:\/\/dev.tessacooperescritora.com\/blog\/2409-2\/\",\"name\":\"CONECTADOS POR ERROR - Tessa Cooper Escritora\",\"isPartOf\":{\"@id\":\"https:\/\/dev.tessacooperescritora.com\/blog\/#website\"},\"primaryImageOfPage\":{\"@id\":\"https:\/\/dev.tessacooperescritora.com\/blog\/2409-2\/#primaryimage\"},\"image\":{\"@id\":\"https:\/\/dev.tessacooperescritora.com\/blog\/2409-2\/#primaryimage\"},\"thumbnailUrl\":\"https:\/\/dev.tessacooperescritora.com\/blog\/wp-content\/uploads\/2024\/09\/Copia-de-Diseno-sin-titulo-1.png\",\"datePublished\":\"2024-09-27T20:05:34+00:00\",\"dateModified\":\"2025-12-22T16:03:20+00:00\",\"description\":\"La ex de Alberto se lleva a su perro. Sin dar cr\u00e9dito, decide ponerse en contacto con un abogado especialista en custodia de mascotas.\",\"breadcrumb\":{\"@id\":\"https:\/\/dev.tessacooperescritora.com\/blog\/2409-2\/#breadcrumb\"},\"inLanguage\":\"es\",\"potentialAction\":[{\"@type\":\"ReadAction\",\"target\":[\"https:\/\/dev.tessacooperescritora.com\/blog\/2409-2\/\"]}]},{\"@type\":\"ImageObject\",\"inLanguage\":\"es\",\"@id\":\"https:\/\/dev.tessacooperescritora.com\/blog\/2409-2\/#primaryimage\",\"url\":\"https:\/\/dev.tessacooperescritora.com\/blog\/wp-content\/uploads\/2024\/09\/Copia-de-Diseno-sin-titulo-1.png\",\"contentUrl\":\"https:\/\/dev.tessacooperescritora.com\/blog\/wp-content\/uploads\/2024\/09\/Copia-de-Diseno-sin-titulo-1.png\",\"width\":1584,\"height\":396,\"caption\":\"CONECTADOS POR ERROR COMEDIA ROM\u00c1NTICA EPISTOLAR\"},{\"@type\":\"BreadcrumbList\",\"@id\":\"https:\/\/dev.tessacooperescritora.com\/blog\/2409-2\/#breadcrumb\",\"itemListElement\":[{\"@type\":\"ListItem\",\"position\":1,\"name\":\"Portada\",\"item\":\"https:\/\/dev.tessacooperescritora.com\/blog\/\"},{\"@type\":\"ListItem\",\"position\":2,\"name\":\"CONECTADOS POR ERROR\"}]},{\"@type\":\"WebSite\",\"@id\":\"https:\/\/dev.tessacooperescritora.com\/blog\/#website\",\"url\":\"https:\/\/dev.tessacooperescritora.com\/blog\/\",\"name\":\"Tessa Cooper Escritora\",\"description\":\"\",\"potentialAction\":[{\"@type\":\"SearchAction\",\"target\":{\"@type\":\"EntryPoint\",\"urlTemplate\":\"https:\/\/dev.tessacooperescritora.com\/blog\/?s={search_term_string}\"},\"query-input\":{\"@type\":\"PropertyValueSpecification\",\"valueRequired\":true,\"valueName\":\"search_term_string\"}}],\"inLanguage\":\"es\"}]}<\/script>\n<!-- \/ Yoast SEO plugin. -->","yoast_head_json":{"title":"CONECTADOS POR ERROR - Tessa Cooper Escritora","description":"La ex de Alberto se lleva a su perro. Sin dar cr\u00e9dito, decide ponerse en contacto con un abogado especialista en custodia de mascotas.","robots":{"index":"index","follow":"follow","max-snippet":"max-snippet:-1","max-image-preview":"max-image-preview:large","max-video-preview":"max-video-preview:-1"},"canonical":"https:\/\/dev.tessacooperescritora.com\/blog\/2409-2\/","og_locale":"es_ES","og_type":"article","og_title":"CONECTADOS POR ERROR - Tessa Cooper Escritora","og_description":"La ex de Alberto se lleva a su perro. Sin dar cr\u00e9dito, decide ponerse en contacto con un abogado especialista en custodia de mascotas.","og_url":"https:\/\/dev.tessacooperescritora.com\/blog\/2409-2\/","og_site_name":"Tessa Cooper Escritora","article_modified_time":"2025-12-22T16:03:20+00:00","og_image":[{"width":1584,"height":396,"url":"https:\/\/dev.tessacooperescritora.com\/blog\/wp-content\/uploads\/2024\/09\/Copia-de-Diseno-sin-titulo-1.png","type":"image\/png"}],"twitter_card":"summary_large_image","twitter_misc":{"Tiempo de lectura":"2 minutos"},"schema":{"@context":"https:\/\/schema.org","@graph":[{"@type":"WebPage","@id":"https:\/\/dev.tessacooperescritora.com\/blog\/2409-2\/","url":"https:\/\/dev.tessacooperescritora.com\/blog\/2409-2\/","name":"CONECTADOS POR ERROR - Tessa Cooper Escritora","isPartOf":{"@id":"https:\/\/dev.tessacooperescritora.com\/blog\/#website"},"primaryImageOfPage":{"@id":"https:\/\/dev.tessacooperescritora.com\/blog\/2409-2\/#primaryimage"},"image":{"@id":"https:\/\/dev.tessacooperescritora.com\/blog\/2409-2\/#primaryimage"},"thumbnailUrl":"https:\/\/dev.tessacooperescritora.com\/blog\/wp-content\/uploads\/2024\/09\/Copia-de-Diseno-sin-titulo-1.png","datePublished":"2024-09-27T20:05:34+00:00","dateModified":"2025-12-22T16:03:20+00:00","description":"La ex de Alberto se lleva a su perro. Sin dar cr\u00e9dito, decide ponerse en contacto con un abogado especialista en custodia de mascotas.","breadcrumb":{"@id":"https:\/\/dev.tessacooperescritora.com\/blog\/2409-2\/#breadcrumb"},"inLanguage":"es","potentialAction":[{"@type":"ReadAction","target":["https:\/\/dev.tessacooperescritora.com\/blog\/2409-2\/"]}]},{"@type":"ImageObject","inLanguage":"es","@id":"https:\/\/dev.tessacooperescritora.com\/blog\/2409-2\/#primaryimage","url":"https:\/\/dev.tessacooperescritora.com\/blog\/wp-content\/uploads\/2024\/09\/Copia-de-Diseno-sin-titulo-1.png","contentUrl":"https:\/\/dev.tessacooperescritora.com\/blog\/wp-content\/uploads\/2024\/09\/Copia-de-Diseno-sin-titulo-1.png","width":1584,"height":396,"caption":"CONECTADOS POR ERROR COMEDIA ROM\u00c1NTICA EPISTOLAR"},{"@type":"BreadcrumbList","@id":"https:\/\/dev.tessacooperescritora.com\/blog\/2409-2\/#breadcrumb","itemListElement":[{"@type":"ListItem","position":1,"name":"Portada","item":"https:\/\/dev.tessacooperescritora.com\/blog\/"},{"@type":"ListItem","position":2,"name":"CONECTADOS POR ERROR"}]},{"@type":"WebSite","@id":"https:\/\/dev.tessacooperescritora.com\/blog\/#website","url":"https:\/\/dev.tessacooperescritora.com\/blog\/","name":"Tessa Cooper Escritora","description":"","potentialAction":[{"@type":"SearchAction","target":{"@type":"EntryPoint","urlTemplate":"https:\/\/dev.tessacooperescritora.com\/blog\/?s={search_term_string}"},"query-input":{"@type":"PropertyValueSpecification","valueRequired":true,"valueName":"search_term_string"}}],"inLanguage":"es"}]}},"acf":[],"_links":{"self":[{"href":"https:\/\/dev.tessacooperescritora.com\/blog\/wp-json\/wp\/v2\/pages\/2409","targetHints":{"allow":["GET"]}}],"collection":[{"href":"https:\/\/dev.tessacooperescritora.com\/blog\/wp-json\/wp\/v2\/pages"}],"about":[{"href":"https:\/\/dev.tessacooperescritora.com\/blog\/wp-json\/wp\/v2\/types\/page"}],"author":[{"embeddable":true,"href":"https:\/\/dev.tessacooperescritora.com\/blog\/wp-json\/wp\/v2\/users\/1"}],"replies":[{"embeddable":true,"href":"https:\/\/dev.tessacooperescritora.com\/blog\/wp-json\/wp\/v2\/comments?post=2409"}],"version-history":[{"count":6,"href":"https:\/\/dev.tessacooperescritora.com\/blog\/wp-json\/wp\/v2\/pages\/2409\/revisions"}],"predecessor-version":[{"id":2724,"href":"https:\/\/dev.tessacooperescritora.com\/blog\/wp-json\/wp\/v2\/pages\/2409\/revisions\/2724"}],"wp:featuredmedia":[{"embeddable":true,"href":"https:\/\/dev.tessacooperescritora.com\/blog\/wp-json\/wp\/v2\/media\/2422"}],"wp:attachment":[{"href":"https:\/\/dev.tessacooperescritora.com\/blog\/wp-json\/wp\/v2\/media?parent=2409"}],"curies":[{"name":"wp","href":"https:\/\/api.w.org\/{rel}","templated":true}]}}