{"id":2316,"date":"2022-11-20T23:35:08","date_gmt":"2022-11-20T22:35:08","guid":{"rendered":"https:\/\/dev.tessacooperescritora.com\/blog\/?page_id=2316"},"modified":"2025-12-22T16:15:49","modified_gmt":"2025-12-22T16:15:49","slug":"tu-de-santa-claus-y-yo-de-reyes-magos","status":"publish","type":"page","link":"https:\/\/dev.tessacooperescritora.com\/blog\/tu-de-santa-claus-y-yo-de-reyes-magos\/","title":{"rendered":"T\u00fa de Santa Claus y yo de Reyes Magos"},"content":{"rendered":"\t\t<div data-elementor-type=\"wp-page\" data-elementor-id=\"2316\" class=\"elementor elementor-2316\">\n\t\t\t\t<div class=\"elementor-element elementor-element-449686c7 e-flex e-con-boxed e-con e-parent\" data-id=\"449686c7\" data-element_type=\"container\">\n\t\t\t\t\t<div class=\"e-con-inner\">\n\t\t\t\t<div class=\"elementor-element elementor-element-3e2fabf elementor-widget elementor-widget-image\" data-id=\"3e2fabf\" data-element_type=\"widget\" data-widget_type=\"image.default\">\n\t\t\t\t<div class=\"elementor-widget-container\">\n\t\t\t\t\t\t\t\t\t\t\t\t\t\t\t\t<a href=\"https:\/\/amzn.eu\/d\/6zpoSI3\">\n\t\t\t\t\t\t\t<img fetchpriority=\"high\" decoding=\"async\" width=\"188\" height=\"300\" src=\"https:\/\/dev.tessacooperescritora.com\/blog\/wp-content\/uploads\/2025\/12\/portada-188x300.jpg\" class=\"attachment-medium size-medium wp-image-2634\" alt=\"\" srcset=\"https:\/\/dev.tessacooperescritora.com\/blog\/wp-content\/uploads\/2025\/12\/portada-188x300.jpg 188w, https:\/\/dev.tessacooperescritora.com\/blog\/wp-content\/uploads\/2025\/12\/portada-640x1024.jpg 640w, https:\/\/dev.tessacooperescritora.com\/blog\/wp-content\/uploads\/2025\/12\/portada-768x1229.jpg 768w, https:\/\/dev.tessacooperescritora.com\/blog\/wp-content\/uploads\/2025\/12\/portada-960x1536.jpg 960w, https:\/\/dev.tessacooperescritora.com\/blog\/wp-content\/uploads\/2025\/12\/portada-1280x2048.jpg 1280w, https:\/\/dev.tessacooperescritora.com\/blog\/wp-content\/uploads\/2025\/12\/portada-1140x1824.jpg 1140w, https:\/\/dev.tessacooperescritora.com\/blog\/wp-content\/uploads\/2025\/12\/portada.jpg 1600w\" sizes=\"(max-width: 188px) 100vw, 188px\" \/>\t\t\t\t\t\t\t\t<\/a>\n\t\t\t\t\t\t\t\t\t\t\t\t\t\t\t<\/div>\n\t\t\t\t<\/div>\n\t\t\t\t<div class=\"elementor-element elementor-element-9e76f10 elementor-widget elementor-widget-text-editor\" data-id=\"9e76f10\" data-element_type=\"widget\" data-widget_type=\"text-editor.default\">\n\t\t\t\t<div class=\"elementor-widget-container\">\n\t\t\t\t\t\t\t\t\t<p>Bel\u00e9n viviente, choques culturales y una familia muy tradicional:<\/p>\n<p>la Navidad perfecta para re\u00edr, suspirar y creer un poquito m\u00e1s en el amor.<\/p>\t\t\t\t\t\t\t\t<\/div>\n\t\t\t\t<\/div>\n\t\t\t\t<div class=\"elementor-element elementor-element-57176ec elementor-align-center elementor-widget elementor-widget-button\" data-id=\"57176ec\" data-element_type=\"widget\" data-widget_type=\"button.default\">\n\t\t\t\t<div class=\"elementor-widget-container\">\n\t\t\t\t\t\t\t\t\t<div class=\"elementor-button-wrapper\">\n\t\t\t\t\t<a class=\"elementor-button elementor-button-link elementor-size-sm\" href=\"https:\/\/amzn.eu\/d\/6zpoSI3\">\n\t\t\t\t\t\t<span class=\"elementor-button-content-wrapper\">\n\t\t\t\t\t\t\t\t\t<span class=\"elementor-button-text\">Leer en Amazon<\/span>\n\t\t\t\t\t<\/span>\n\t\t\t\t\t<\/a>\n\t\t\t\t<\/div>\n\t\t\t\t\t\t\t\t<\/div>\n\t\t\t\t<\/div>\n\t\t\t\t<div class=\"elementor-element elementor-element-7b6de70 elementor-align-center elementor-widget elementor-widget-button\" data-id=\"7b6de70\" data-element_type=\"widget\" data-widget_type=\"button.default\">\n\t\t\t\t<div class=\"elementor-widget-container\">\n\t\t\t\t\t\t\t\t\t<div class=\"elementor-button-wrapper\">\n\t\t\t\t\t<a class=\"elementor-button elementor-button-link elementor-size-sm\" href=\"https:\/\/www.youtube.com\/watch?v=mdeURHJlJ1c\">\n\t\t\t\t\t\t<span class=\"elementor-button-content-wrapper\">\n\t\t\t\t\t\t\t\t\t<span class=\"elementor-button-text\">Booktrailer<\/span>\n\t\t\t\t\t<\/span>\n\t\t\t\t\t<\/a>\n\t\t\t\t<\/div>\n\t\t\t\t\t\t\t\t<\/div>\n\t\t\t\t<\/div>\n\t\t\t\t<div class=\"elementor-element elementor-element-6b8e239 elementor-widget elementor-widget-text-editor\" data-id=\"6b8e239\" data-element_type=\"widget\" data-widget_type=\"text-editor.default\">\n\t\t\t\t<div class=\"elementor-widget-container\">\n\t\t\t\t\t\t\t\t\t<p>Comedia rom\u00e1ntica navide\u00f1a \u00b7 Autoconclusiva \u00b7<\/p>\n<p>Tropos: holiday romance, LGTBI, familia\/tradici\u00f3n, cozy vibes.<\/p>\t\t\t\t\t\t\t\t<\/div>\n\t\t\t\t<\/div>\n\t\t\t\t<div class=\"elementor-element elementor-element-12cedab4 elementor-widget elementor-widget-text-editor\" data-id=\"12cedab4\" data-element_type=\"widget\" data-widget_type=\"text-editor.default\">\n\t\t\t\t<div class=\"elementor-widget-container\">\n\t\t\t\t\t\t\t\t\t\n<p>Sinopsis:<\/p>\n\n\n\n<p class=\"has-vivid-red-color has-text-color\"><a><strong>Un bel\u00e9n viviente, un americano infiltrado y una familia muy tradicional.<\/strong><\/a><\/p>\n\n\n\n<p><strong>Para Ryan,<\/strong> la Navidad son fachadas cubiertas de luces, Santa Claus, elfos, trineos y galletas de jengibre.<\/p>\n\n\n\n<p><strong>Para Mart\u00edn,<\/strong> es participar en el bel\u00e9n viviente de su pueblo, pasar tiempo con la familia, escuchar villancicos y comer turrones.<\/p>\n\n\n\n<p><strong>\u00bfQu\u00e9 ocurrir\u00e1 cuando el destino los lleve a pasar juntos las fiestas en casa de los Ruiz?<\/strong><\/p>\n\n\n\n<p>Pues que la yaya convertir\u00e1 a Ryan en italiano, y mudo, porque a su marido no le gustan los yankis.<\/p>\n\n\n\n<p>Que el yayo dormir\u00e1 con un cuchillo jamonero bajo la almohada, porque no naci\u00f3 ayer.<\/p>\n\n\n\n<p>Y que dos compa\u00f1eros de piso descubrir\u00e1n que los polos opuestos se atraen, por muy distinta que vean la vida.<\/p>\n\t\t\t\t\t\t\t\t<\/div>\n\t\t\t\t<\/div>\n\t\t\t\t\t<\/div>\n\t\t\t\t<\/div>\n\t\t<div class=\"elementor-element elementor-element-fcaaa7d e-flex e-con-boxed e-con e-parent\" data-id=\"fcaaa7d\" data-element_type=\"container\">\n\t\t\t\t\t<div class=\"e-con-inner\">\n\t\t\t\t<div class=\"elementor-element elementor-element-2986897 elementor-align-center elementor-widget elementor-widget-button\" data-id=\"2986897\" data-element_type=\"widget\" data-widget_type=\"button.default\">\n\t\t\t\t<div class=\"elementor-widget-container\">\n\t\t\t\t\t\t\t\t\t<div class=\"elementor-button-wrapper\">\n\t\t\t\t\t<a class=\"elementor-button elementor-button-link elementor-size-sm\" href=\"https:\/\/amzn.eu\/d\/9XLkcrW\">\n\t\t\t\t\t\t<span class=\"elementor-button-content-wrapper\">\n\t\t\t\t\t\t\t\t\t<span class=\"elementor-button-text\">Leer en Amazon<\/span>\n\t\t\t\t\t<\/span>\n\t\t\t\t\t<\/a>\n\t\t\t\t<\/div>\n\t\t\t\t\t\t\t\t<\/div>\n\t\t\t\t<\/div>\n\t\t\t\t\t<\/div>\n\t\t\t\t<\/div>\n\t\t\t\t<\/div>\n\t\t","protected":false},"excerpt":{"rendered":"<p>Bel\u00e9n viviente, choques culturales y una familia muy tradicional: la Navidad perfecta para re\u00edr, suspirar y creer un poquito m\u00e1s en el amor. Leer en Amazon Booktrailer Comedia rom\u00e1ntica navide\u00f1a \u00b7 Autoconclusiva \u00b7 Tropos: holiday romance, LGTBI, familia\/tradici\u00f3n, cozy vibes. Sinopsis: Un bel\u00e9n viviente, un americano infiltrado y una familia muy tradicional. Para Ryan, la Navidad son fachadas cubiertas de luces, Santa Claus, elfos, trineos y galletas de jengibre. Para Mart\u00edn, es participar en el bel\u00e9n viviente de su pueblo, pasar tiempo con la familia, escuchar villancicos y comer turrones. \u00bfQu\u00e9 ocurrir\u00e1 cuando el destino los lleve a pasar juntos las fiestas en casa de los Ruiz? Pues que la yaya convertir\u00e1 a Ryan en italiano, y mudo, porque a su marido no le gustan los yankis. Que el yayo dormir\u00e1 con un cuchillo jamonero bajo la almohada, porque no naci\u00f3 ayer. Y que dos compa\u00f1eros de piso descubrir\u00e1n que los polos opuestos se atraen, por muy distinta que vean la vida. Leer en Amazon<\/p>\n","protected":false},"author":1,"featured_media":2321,"parent":0,"menu_order":0,"comment_status":"closed","ping_status":"closed","template":"","meta":{"footnotes":""},"class_list":["post-2316","page","type-page","status-publish","has-post-thumbnail","hentry"],"yoast_head":"<!-- This site is optimized with the Yoast SEO plugin v26.4 - https:\/\/yoast.com\/wordpress\/plugins\/seo\/ -->\n<title>T\u00fa de Santa Claus y yo de Reyes Magos - Tessa Cooper Escritora<\/title>\n<meta name=\"description\" content=\"Mart\u00edn y Ryan son compa\u00f1eros de piso, pero apenas se conocen. \u00bfQu\u00e9 ocurrir\u00e1 cuando pasen juntos la Navidad en casa de los Ruiz?\" \/>\n<meta name=\"robots\" content=\"index, follow, max-snippet:-1, max-image-preview:large, max-video-preview:-1\" \/>\n<link rel=\"canonical\" href=\"https:\/\/dev.tessacooperescritora.com\/blog\/tu-de-santa-claus-y-yo-de-reyes-magos\/\" \/>\n<meta property=\"og:locale\" content=\"es_ES\" \/>\n<meta property=\"og:type\" content=\"article\" \/>\n<meta property=\"og:title\" content=\"T\u00fa de Santa Claus y yo de Reyes Magos - Tessa Cooper Escritora\" \/>\n<meta property=\"og:description\" content=\"Mart\u00edn y Ryan son compa\u00f1eros de piso, pero apenas se conocen. \u00bfQu\u00e9 ocurrir\u00e1 cuando pasen juntos la Navidad en casa de los Ruiz?\" \/>\n<meta property=\"og:url\" content=\"https:\/\/dev.tessacooperescritora.com\/blog\/tu-de-santa-claus-y-yo-de-reyes-magos\/\" \/>\n<meta property=\"og:site_name\" content=\"Tessa Cooper Escritora\" \/>\n<meta property=\"article:modified_time\" content=\"2025-12-22T16:15:49+00:00\" \/>\n<meta property=\"og:image\" content=\"https:\/\/dev.tessacooperescritora.com\/blog\/wp-content\/uploads\/2022\/11\/Ryan-y-Martin-y-su-cuento-de-Navidad-scaled.jpg\" \/>\n\t<meta property=\"og:image:width\" content=\"2560\" \/>\n\t<meta property=\"og:image:height\" content=\"853\" \/>\n\t<meta property=\"og:image:type\" content=\"image\/jpeg\" \/>\n<meta name=\"twitter:card\" content=\"summary_large_image\" \/>\n<meta name=\"twitter:label1\" content=\"Tiempo de lectura\" \/>\n\t<meta name=\"twitter:data1\" content=\"1 minuto\" \/>\n<script type=\"application\/ld+json\" class=\"yoast-schema-graph\">{\"@context\":\"https:\/\/schema.org\",\"@graph\":[{\"@type\":\"WebPage\",\"@id\":\"https:\/\/dev.tessacooperescritora.com\/blog\/tu-de-santa-claus-y-yo-de-reyes-magos\/\",\"url\":\"https:\/\/dev.tessacooperescritora.com\/blog\/tu-de-santa-claus-y-yo-de-reyes-magos\/\",\"name\":\"T\u00fa de Santa Claus y yo de Reyes Magos - Tessa Cooper Escritora\",\"isPartOf\":{\"@id\":\"https:\/\/dev.tessacooperescritora.com\/blog\/#website\"},\"primaryImageOfPage\":{\"@id\":\"https:\/\/dev.tessacooperescritora.com\/blog\/tu-de-santa-claus-y-yo-de-reyes-magos\/#primaryimage\"},\"image\":{\"@id\":\"https:\/\/dev.tessacooperescritora.com\/blog\/tu-de-santa-claus-y-yo-de-reyes-magos\/#primaryimage\"},\"thumbnailUrl\":\"https:\/\/dev.tessacooperescritora.com\/blog\/wp-content\/uploads\/2022\/11\/Ryan-y-Martin-y-su-cuento-de-Navidad-scaled.jpg\",\"datePublished\":\"2022-11-20T22:35:08+00:00\",\"dateModified\":\"2025-12-22T16:15:49+00:00\",\"description\":\"Mart\u00edn y Ryan son compa\u00f1eros de piso, pero apenas se conocen. \u00bfQu\u00e9 ocurrir\u00e1 cuando pasen juntos la Navidad en casa de los Ruiz?\",\"breadcrumb\":{\"@id\":\"https:\/\/dev.tessacooperescritora.com\/blog\/tu-de-santa-claus-y-yo-de-reyes-magos\/#breadcrumb\"},\"inLanguage\":\"es\",\"potentialAction\":[{\"@type\":\"ReadAction\",\"target\":[\"https:\/\/dev.tessacooperescritora.com\/blog\/tu-de-santa-claus-y-yo-de-reyes-magos\/\"]}]},{\"@type\":\"ImageObject\",\"inLanguage\":\"es\",\"@id\":\"https:\/\/dev.tessacooperescritora.com\/blog\/tu-de-santa-claus-y-yo-de-reyes-magos\/#primaryimage\",\"url\":\"https:\/\/dev.tessacooperescritora.com\/blog\/wp-content\/uploads\/2022\/11\/Ryan-y-Martin-y-su-cuento-de-Navidad-scaled.jpg\",\"contentUrl\":\"https:\/\/dev.tessacooperescritora.com\/blog\/wp-content\/uploads\/2022\/11\/Ryan-y-Martin-y-su-cuento-de-Navidad-scaled.jpg\",\"width\":2560,\"height\":853},{\"@type\":\"BreadcrumbList\",\"@id\":\"https:\/\/dev.tessacooperescritora.com\/blog\/tu-de-santa-claus-y-yo-de-reyes-magos\/#breadcrumb\",\"itemListElement\":[{\"@type\":\"ListItem\",\"position\":1,\"name\":\"Portada\",\"item\":\"https:\/\/dev.tessacooperescritora.com\/blog\/\"},{\"@type\":\"ListItem\",\"position\":2,\"name\":\"T\u00fa de Santa Claus y yo de Reyes Magos\"}]},{\"@type\":\"WebSite\",\"@id\":\"https:\/\/dev.tessacooperescritora.com\/blog\/#website\",\"url\":\"https:\/\/dev.tessacooperescritora.com\/blog\/\",\"name\":\"Tessa Cooper Escritora\",\"description\":\"\",\"potentialAction\":[{\"@type\":\"SearchAction\",\"target\":{\"@type\":\"EntryPoint\",\"urlTemplate\":\"https:\/\/dev.tessacooperescritora.com\/blog\/?s={search_term_string}\"},\"query-input\":{\"@type\":\"PropertyValueSpecification\",\"valueRequired\":true,\"valueName\":\"search_term_string\"}}],\"inLanguage\":\"es\"}]}<\/script>\n<!-- \/ Yoast SEO plugin. -->","yoast_head_json":{"title":"T\u00fa de Santa Claus y yo de Reyes Magos - Tessa Cooper Escritora","description":"Mart\u00edn y Ryan son compa\u00f1eros de piso, pero apenas se conocen. \u00bfQu\u00e9 ocurrir\u00e1 cuando pasen juntos la Navidad en casa de los Ruiz?","robots":{"index":"index","follow":"follow","max-snippet":"max-snippet:-1","max-image-preview":"max-image-preview:large","max-video-preview":"max-video-preview:-1"},"canonical":"https:\/\/dev.tessacooperescritora.com\/blog\/tu-de-santa-claus-y-yo-de-reyes-magos\/","og_locale":"es_ES","og_type":"article","og_title":"T\u00fa de Santa Claus y yo de Reyes Magos - Tessa Cooper Escritora","og_description":"Mart\u00edn y Ryan son compa\u00f1eros de piso, pero apenas se conocen. \u00bfQu\u00e9 ocurrir\u00e1 cuando pasen juntos la Navidad en casa de los Ruiz?","og_url":"https:\/\/dev.tessacooperescritora.com\/blog\/tu-de-santa-claus-y-yo-de-reyes-magos\/","og_site_name":"Tessa Cooper Escritora","article_modified_time":"2025-12-22T16:15:49+00:00","og_image":[{"width":2560,"height":853,"url":"https:\/\/dev.tessacooperescritora.com\/blog\/wp-content\/uploads\/2022\/11\/Ryan-y-Martin-y-su-cuento-de-Navidad-scaled.jpg","type":"image\/jpeg"}],"twitter_card":"summary_large_image","twitter_misc":{"Tiempo de lectura":"1 minuto"},"schema":{"@context":"https:\/\/schema.org","@graph":[{"@type":"WebPage","@id":"https:\/\/dev.tessacooperescritora.com\/blog\/tu-de-santa-claus-y-yo-de-reyes-magos\/","url":"https:\/\/dev.tessacooperescritora.com\/blog\/tu-de-santa-claus-y-yo-de-reyes-magos\/","name":"T\u00fa de Santa Claus y yo de Reyes Magos - Tessa Cooper Escritora","isPartOf":{"@id":"https:\/\/dev.tessacooperescritora.com\/blog\/#website"},"primaryImageOfPage":{"@id":"https:\/\/dev.tessacooperescritora.com\/blog\/tu-de-santa-claus-y-yo-de-reyes-magos\/#primaryimage"},"image":{"@id":"https:\/\/dev.tessacooperescritora.com\/blog\/tu-de-santa-claus-y-yo-de-reyes-magos\/#primaryimage"},"thumbnailUrl":"https:\/\/dev.tessacooperescritora.com\/blog\/wp-content\/uploads\/2022\/11\/Ryan-y-Martin-y-su-cuento-de-Navidad-scaled.jpg","datePublished":"2022-11-20T22:35:08+00:00","dateModified":"2025-12-22T16:15:49+00:00","description":"Mart\u00edn y Ryan son compa\u00f1eros de piso, pero apenas se conocen. \u00bfQu\u00e9 ocurrir\u00e1 cuando pasen juntos la Navidad en casa de los Ruiz?","breadcrumb":{"@id":"https:\/\/dev.tessacooperescritora.com\/blog\/tu-de-santa-claus-y-yo-de-reyes-magos\/#breadcrumb"},"inLanguage":"es","potentialAction":[{"@type":"ReadAction","target":["https:\/\/dev.tessacooperescritora.com\/blog\/tu-de-santa-claus-y-yo-de-reyes-magos\/"]}]},{"@type":"ImageObject","inLanguage":"es","@id":"https:\/\/dev.tessacooperescritora.com\/blog\/tu-de-santa-claus-y-yo-de-reyes-magos\/#primaryimage","url":"https:\/\/dev.tessacooperescritora.com\/blog\/wp-content\/uploads\/2022\/11\/Ryan-y-Martin-y-su-cuento-de-Navidad-scaled.jpg","contentUrl":"https:\/\/dev.tessacooperescritora.com\/blog\/wp-content\/uploads\/2022\/11\/Ryan-y-Martin-y-su-cuento-de-Navidad-scaled.jpg","width":2560,"height":853},{"@type":"BreadcrumbList","@id":"https:\/\/dev.tessacooperescritora.com\/blog\/tu-de-santa-claus-y-yo-de-reyes-magos\/#breadcrumb","itemListElement":[{"@type":"ListItem","position":1,"name":"Portada","item":"https:\/\/dev.tessacooperescritora.com\/blog\/"},{"@type":"ListItem","position":2,"name":"T\u00fa de Santa Claus y yo de Reyes Magos"}]},{"@type":"WebSite","@id":"https:\/\/dev.tessacooperescritora.com\/blog\/#website","url":"https:\/\/dev.tessacooperescritora.com\/blog\/","name":"Tessa Cooper Escritora","description":"","potentialAction":[{"@type":"SearchAction","target":{"@type":"EntryPoint","urlTemplate":"https:\/\/dev.tessacooperescritora.com\/blog\/?s={search_term_string}"},"query-input":{"@type":"PropertyValueSpecification","valueRequired":true,"valueName":"search_term_string"}}],"inLanguage":"es"}]}},"acf":[],"_links":{"self":[{"href":"https:\/\/dev.tessacooperescritora.com\/blog\/wp-json\/wp\/v2\/pages\/2316","targetHints":{"allow":["GET"]}}],"collection":[{"href":"https:\/\/dev.tessacooperescritora.com\/blog\/wp-json\/wp\/v2\/pages"}],"about":[{"href":"https:\/\/dev.tessacooperescritora.com\/blog\/wp-json\/wp\/v2\/types\/page"}],"author":[{"embeddable":true,"href":"https:\/\/dev.tessacooperescritora.com\/blog\/wp-json\/wp\/v2\/users\/1"}],"replies":[{"embeddable":true,"href":"https:\/\/dev.tessacooperescritora.com\/blog\/wp-json\/wp\/v2\/comments?post=2316"}],"version-history":[{"count":6,"href":"https:\/\/dev.tessacooperescritora.com\/blog\/wp-json\/wp\/v2\/pages\/2316\/revisions"}],"predecessor-version":[{"id":2736,"href":"https:\/\/dev.tessacooperescritora.com\/blog\/wp-json\/wp\/v2\/pages\/2316\/revisions\/2736"}],"wp:featuredmedia":[{"embeddable":true,"href":"https:\/\/dev.tessacooperescritora.com\/blog\/wp-json\/wp\/v2\/media\/2321"}],"wp:attachment":[{"href":"https:\/\/dev.tessacooperescritora.com\/blog\/wp-json\/wp\/v2\/media?parent=2316"}],"curies":[{"name":"wp","href":"https:\/\/api.w.org\/{rel}","templated":true}]}}