{"id":2170,"date":"2022-03-01T19:42:58","date_gmt":"2022-03-01T18:42:58","guid":{"rendered":"https:\/\/dev.tessacooperescritora.com\/blog\/?page_id=2170"},"modified":"2025-12-21T19:05:23","modified_gmt":"2025-12-21T19:05:23","slug":"siete-dias-y-una-foto","status":"publish","type":"page","link":"https:\/\/dev.tessacooperescritora.com\/blog\/siete-dias-y-una-foto\/","title":{"rendered":"SIETE D\u00cdAS Y UNA FOTO"},"content":{"rendered":"\t\t<div data-elementor-type=\"wp-page\" data-elementor-id=\"2170\" class=\"elementor elementor-2170\">\n\t\t\t\t<div class=\"elementor-element elementor-element-3cd342aa e-flex e-con-boxed e-con e-parent\" data-id=\"3cd342aa\" data-element_type=\"container\">\n\t\t\t\t\t<div class=\"e-con-inner\">\n\t\t\t\t<div class=\"elementor-element elementor-element-c8459d5 elementor-widget elementor-widget-image\" data-id=\"c8459d5\" data-element_type=\"widget\" data-widget_type=\"image.default\">\n\t\t\t\t<div class=\"elementor-widget-container\">\n\t\t\t\t\t\t\t\t\t\t\t\t\t\t\t\t<a href=\"https:\/\/amzn.eu\/d\/iB9fNEC\">\n\t\t\t\t\t\t\t<img fetchpriority=\"high\" decoding=\"async\" width=\"189\" height=\"300\" src=\"https:\/\/dev.tessacooperescritora.com\/blog\/wp-content\/uploads\/2022\/09\/Siete-dias-y-una-foto-189x300.jpg\" class=\"attachment-medium size-medium wp-image-2231\" alt=\"\" srcset=\"https:\/\/dev.tessacooperescritora.com\/blog\/wp-content\/uploads\/2022\/09\/Siete-dias-y-una-foto-189x300.jpg 189w, https:\/\/dev.tessacooperescritora.com\/blog\/wp-content\/uploads\/2022\/09\/Siete-dias-y-una-foto-647x1024.jpg 647w, https:\/\/dev.tessacooperescritora.com\/blog\/wp-content\/uploads\/2022\/09\/Siete-dias-y-una-foto-768x1216.jpg 768w, https:\/\/dev.tessacooperescritora.com\/blog\/wp-content\/uploads\/2022\/09\/Siete-dias-y-una-foto-970x1536.jpg 970w, https:\/\/dev.tessacooperescritora.com\/blog\/wp-content\/uploads\/2022\/09\/Siete-dias-y-una-foto-1293x2048.jpg 1293w, https:\/\/dev.tessacooperescritora.com\/blog\/wp-content\/uploads\/2022\/09\/Siete-dias-y-una-foto-1140x1805.jpg 1140w, https:\/\/dev.tessacooperescritora.com\/blog\/wp-content\/uploads\/2022\/09\/Siete-dias-y-una-foto.jpg 1400w\" sizes=\"(max-width: 189px) 100vw, 189px\" \/>\t\t\t\t\t\t\t\t<\/a>\n\t\t\t\t\t\t\t\t\t\t\t\t\t\t\t<\/div>\n\t\t\t\t<\/div>\n\t\t\t\t<div class=\"elementor-element elementor-element-6c83ad5 elementor-align-center elementor-widget elementor-widget-button\" data-id=\"6c83ad5\" data-element_type=\"widget\" data-widget_type=\"button.default\">\n\t\t\t\t<div class=\"elementor-widget-container\">\n\t\t\t\t\t\t\t\t\t<div class=\"elementor-button-wrapper\">\n\t\t\t\t\t<a class=\"elementor-button elementor-button-link elementor-size-sm\" href=\"https:\/\/amzn.eu\/d\/9jNrmJJ\">\n\t\t\t\t\t\t<span class=\"elementor-button-content-wrapper\">\n\t\t\t\t\t\t\t\t\t<span class=\"elementor-button-text\">Lee en Amazon<\/span>\n\t\t\t\t\t<\/span>\n\t\t\t\t\t<\/a>\n\t\t\t\t<\/div>\n\t\t\t\t\t\t\t\t<\/div>\n\t\t\t\t<\/div>\n\t\t\t\t<div class=\"elementor-element elementor-element-d68b851 elementor-align-center elementor-widget elementor-widget-button\" data-id=\"d68b851\" data-element_type=\"widget\" data-widget_type=\"button.default\">\n\t\t\t\t<div class=\"elementor-widget-container\">\n\t\t\t\t\t\t\t\t\t<div class=\"elementor-button-wrapper\">\n\t\t\t\t\t<a class=\"elementor-button elementor-button-link elementor-size-sm\" href=\"https:\/\/dev.tessacooperescritora.com\/blog\/wp-content\/uploads\/2022\/03\/Fragmento-Siete-dias-y-una-foto-Web.pdf\">\n\t\t\t\t\t\t<span class=\"elementor-button-content-wrapper\">\n\t\t\t\t\t\t\t\t\t<span class=\"elementor-button-text\">Descarga las primeras p\u00e1ginas<\/span>\n\t\t\t\t\t<\/span>\n\t\t\t\t\t<\/a>\n\t\t\t\t<\/div>\n\t\t\t\t\t\t\t\t<\/div>\n\t\t\t\t<\/div>\n\t\t\t\t<div class=\"elementor-element elementor-element-49ed5112 elementor-widget elementor-widget-text-editor\" data-id=\"49ed5112\" data-element_type=\"widget\" data-widget_type=\"text-editor.default\">\n\t\t\t\t<div class=\"elementor-widget-container\">\n\t\t\t\t\t\t\t\t\t<p><\/p>\n<p class=\"has-text-color\" style=\"color: #ca9b52;\"><strong>Sinopsis:<\/strong><\/p>\n<p><\/p>\n<p><strong>Un pueblo en guerra, una despedida de casada y un bombero que no apaga fuegos.<\/strong><\/p>\n<p><\/p>\n<p>Ella:<\/p>\n<p><\/p>\n<p>Cuando tu marido te pide el divorcio en su cuarenta cumplea\u00f1os crees que es una broma.<\/p>\n<p><\/p>\n<p>Cuando un pueblo entero espera que repongas el habitante que se ha ido, sabes que est\u00e1n locos.<\/p>\n<p><\/p>\n<p>Cuando tu exsuegra decide que lo que necesitas es un viaje sanador a Ibiza, piensas que algo muy malo hiciste en otra vida.<\/p>\n<p><\/p>\n<p>\u00c9l:<\/p>\n<p><\/p>\n<p>Cuando te das cuentas de que el mundo que te rodea no est\u00e1 hecho para ti, crees que has sido un iluso.<\/p>\n<p><\/p>\n<p>Cuando descubres que no tienes fuerzas para salir de \u00e9l, sabes que la opresi\u00f3n del pecho no cesar\u00e1.<\/p>\n<p><\/p>\n<p>Cuando te env\u00edan un billete a Ibiza para que desconectes de todo y te bajes de la rueda, aunque sea por unos d\u00edas, te aferras a ello sin importar las consecuencias.<\/p>\n<p><\/p>\n<p>Ellos:<\/p>\n<p><\/p>\n<p>Un encuentro inesperado.<\/p>\n<p><\/p>\n<p>Confesiones frente a una chimenea.<\/p>\n<p><\/p>\n<p>Una foto que lo cambiar\u00e1 todo.<\/p>\n<div class=\"wp-block-columns\">\n<p><\/p>\n<\/div>\n<p><!-- \/wp:columns --><!-- wp:paragraph {\"align\":\"center\",\"style\":{\"color\":{\"text\":\"#ca9b52\"}}} --><\/p>\n<p class=\"has-text-align-center has-text-color\" style=\"color: #ca9b52;\">\u00a0<\/p>\n<p><!-- \/wp:paragraph --><!-- wp:spacer {\"height\":51} --><\/p>\n<div class=\"wp-block-buttons is-content-justification-center\">\n<div class=\"wp-block-button\">\u00a0<\/div>\n<p><!-- \/wp:button --><\/p>\n<\/div>\n<p><!-- \/wp:buttons --><!-- wp:spacer {\"height\":58} --><\/p>\n<div class=\"wp-block-spacer\" style=\"height: 58px;\" aria-hidden=\"true\">\u00a0<\/div>\n<p><!-- \/wp:spacer --><!-- wp:image {\"align\":\"center\",\"id\":2175,\"width\":512,\"height\":512,\"sizeSlug\":\"large\",\"linkDestination\":\"custom\"} --><\/p>\n<div class=\"wp-block-image\">\n<figure class=\"aligncenter size-large is-resized\">\n<p>\u00a0<\/p>\n<figcaption>A la venta en las principales plataformas digitales<\/figcaption>\n<\/figure>\n<\/div>\n<p><!-- \/wp:image --><!-- wp:buttons {\"contentJustification\":\"center\"} --><\/p>\n<div class=\"wp-block-buttons is-content-justification-center\">\n<p><!-- wp:button --><\/p>\n<div class=\"wp-block-button\"><a class=\"wp-block-button__link\" href=\"https:\/\/www.amazon.es\/Siete-d%C3%ADas-una-foto-HQ%C3%91-ebook\/dp\/B09T73NVVT\/ref=sr_1_1?__mk_es_ES=%C3%85M%C3%85%C5%BD%C3%95%C3%91&amp;crid=2QZBE2APV815R&amp;keywords=siete+d%C3%ADas+y+una+foto&amp;qid=1646158314&amp;sprefix=silla+despacho%2Caps%2C147&amp;sr=8-1\">AMAZON<\/a><\/div>\n<p><!-- \/wp:button --><!-- wp:button --><\/p>\n<div class=\"wp-block-button\"><a class=\"wp-block-button__link\" href=\"https:\/\/books.apple.com\/es\/book\/siete-d%C3%ADas-y-una-foto\/id1611341612\">APPLE BOOKS<\/a><\/div>\n<p><!-- \/wp:button --><!-- wp:button --><\/p>\n<div class=\"wp-block-button\"><a class=\"wp-block-button__link\" href=\"https:\/\/play.google.com\/store\/search?q=9788411054898&amp;c=books&amp;hl=es\">GOOGLE BOOKS<\/a><\/div>\n<p><!-- \/wp:button --><!-- wp:button --><\/p>\n<div class=\"wp-block-button\"><a class=\"wp-block-button__link\" href=\"https:\/\/www.kobo.com\/es\/es\/ebook\/siete-dias-y-una-foto\">KOBO<\/a><\/div>\n<p><!-- \/wp:button --><!-- wp:button --><\/p>\n<div class=\"wp-block-button\"><a class=\"wp-block-button__link\" href=\"https:\/\/www.casadellibro.com\/ebook-siete-dias-y-una-foto-ebook\/9788411054898\/12824337\">CASA DEL LIBRO<\/a><\/div>\n<p><!-- \/wp:button --><\/p>\n<\/div>\n<p><!-- \/wp:buttons --><\/p>\t\t\t\t\t\t\t\t<\/div>\n\t\t\t\t<\/div>\n\t\t\t\t\t<\/div>\n\t\t\t\t<\/div>\n\t\t<div class=\"elementor-element elementor-element-06665e5 e-flex e-con-boxed e-con e-parent\" data-id=\"06665e5\" data-element_type=\"container\">\n\t\t\t\t\t<div class=\"e-con-inner\">\n\t\t\t\t\t<\/div>\n\t\t\t\t<\/div>\n\t\t\t\t<\/div>\n\t\t","protected":false},"excerpt":{"rendered":"<p>Lee en Amazon Descarga las primeras p\u00e1ginas Sinopsis: Un pueblo en guerra, una despedida de casada y un bombero que no apaga fuegos. Ella: Cuando tu marido te pide el divorcio en su cuarenta cumplea\u00f1os crees que es una broma. Cuando un pueblo entero espera que repongas el habitante que se ha ido, sabes que est\u00e1n locos. Cuando tu exsuegra decide que lo que necesitas es un viaje sanador a Ibiza, piensas que algo muy malo hiciste en otra vida. \u00c9l: Cuando te das cuentas de que el mundo que te rodea no est\u00e1 hecho para ti, crees que has sido un iluso. Cuando descubres que no tienes fuerzas para salir de \u00e9l, sabes que la opresi\u00f3n del pecho no cesar\u00e1. Cuando te env\u00edan un billete a Ibiza para que desconectes de todo y te bajes de la rueda, aunque sea por unos d\u00edas, te aferras a ello sin importar las consecuencias. Ellos: Un encuentro inesperado. Confesiones frente a una chimenea. Una foto que lo cambiar\u00e1 todo. \u00a0 \u00a0 \u00a0 \u00a0A la venta en las principales plataformas digitales AMAZON APPLE BOOKS GOOGLE BOOKS KOBO CASA DEL LIBRO<\/p>\n","protected":false},"author":1,"featured_media":2173,"parent":0,"menu_order":0,"comment_status":"closed","ping_status":"closed","template":"","meta":{"footnotes":""},"class_list":["post-2170","page","type-page","status-publish","has-post-thumbnail","hentry"],"yoast_head":"<!-- This site is optimized with the Yoast SEO plugin v26.4 - https:\/\/yoast.com\/wordpress\/plugins\/seo\/ -->\n<title>SIETE D\u00cdAS Y UNA FOTO - Tessa Cooper Escritora<\/title>\n<meta name=\"description\" content=\"Siete d\u00edas y una foto es la cuarta novela de Tessa Cooper, una comedia rom\u00e1ntica con tintes de feelgood con la que las risas est\u00e1n aseguradas.\" \/>\n<meta name=\"robots\" content=\"index, follow, max-snippet:-1, max-image-preview:large, max-video-preview:-1\" \/>\n<link rel=\"canonical\" href=\"https:\/\/dev.tessacooperescritora.com\/blog\/siete-dias-y-una-foto\/\" \/>\n<meta property=\"og:locale\" content=\"es_ES\" \/>\n<meta property=\"og:type\" content=\"article\" \/>\n<meta property=\"og:title\" content=\"SIETE D\u00cdAS Y UNA FOTO - Tessa Cooper Escritora\" \/>\n<meta property=\"og:description\" content=\"Siete d\u00edas y una foto es la cuarta novela de Tessa Cooper, una comedia rom\u00e1ntica con tintes de feelgood con la que las risas est\u00e1n aseguradas.\" \/>\n<meta property=\"og:url\" content=\"https:\/\/dev.tessacooperescritora.com\/blog\/siete-dias-y-una-foto\/\" \/>\n<meta property=\"og:site_name\" content=\"Tessa Cooper Escritora\" \/>\n<meta property=\"article:modified_time\" content=\"2025-12-21T19:05:23+00:00\" \/>\n<meta property=\"og:image\" content=\"https:\/\/dev.tessacooperescritora.com\/blog\/wp-content\/uploads\/2022\/03\/SIETE-DIAS-Y-UNA-FOTO.png\" \/>\n\t<meta property=\"og:image:width\" content=\"1024\" \/>\n\t<meta property=\"og:image:height\" content=\"280\" \/>\n\t<meta property=\"og:image:type\" content=\"image\/png\" \/>\n<meta name=\"twitter:card\" content=\"summary_large_image\" \/>\n<meta name=\"twitter:label1\" content=\"Tiempo de lectura\" \/>\n\t<meta name=\"twitter:data1\" content=\"2 minutos\" \/>\n<script type=\"application\/ld+json\" class=\"yoast-schema-graph\">{\"@context\":\"https:\/\/schema.org\",\"@graph\":[{\"@type\":\"WebPage\",\"@id\":\"https:\/\/dev.tessacooperescritora.com\/blog\/siete-dias-y-una-foto\/\",\"url\":\"https:\/\/dev.tessacooperescritora.com\/blog\/siete-dias-y-una-foto\/\",\"name\":\"SIETE D\u00cdAS Y UNA FOTO - Tessa Cooper Escritora\",\"isPartOf\":{\"@id\":\"https:\/\/dev.tessacooperescritora.com\/blog\/#website\"},\"primaryImageOfPage\":{\"@id\":\"https:\/\/dev.tessacooperescritora.com\/blog\/siete-dias-y-una-foto\/#primaryimage\"},\"image\":{\"@id\":\"https:\/\/dev.tessacooperescritora.com\/blog\/siete-dias-y-una-foto\/#primaryimage\"},\"thumbnailUrl\":\"https:\/\/dev.tessacooperescritora.com\/blog\/wp-content\/uploads\/2022\/03\/SIETE-DIAS-Y-UNA-FOTO.png\",\"datePublished\":\"2022-03-01T18:42:58+00:00\",\"dateModified\":\"2025-12-21T19:05:23+00:00\",\"description\":\"Siete d\u00edas y una foto es la cuarta novela de Tessa Cooper, una comedia rom\u00e1ntica con tintes de feelgood con la que las risas est\u00e1n aseguradas.\",\"breadcrumb\":{\"@id\":\"https:\/\/dev.tessacooperescritora.com\/blog\/siete-dias-y-una-foto\/#breadcrumb\"},\"inLanguage\":\"es\",\"potentialAction\":[{\"@type\":\"ReadAction\",\"target\":[\"https:\/\/dev.tessacooperescritora.com\/blog\/siete-dias-y-una-foto\/\"]}]},{\"@type\":\"ImageObject\",\"inLanguage\":\"es\",\"@id\":\"https:\/\/dev.tessacooperescritora.com\/blog\/siete-dias-y-una-foto\/#primaryimage\",\"url\":\"https:\/\/dev.tessacooperescritora.com\/blog\/wp-content\/uploads\/2022\/03\/SIETE-DIAS-Y-UNA-FOTO.png\",\"contentUrl\":\"https:\/\/dev.tessacooperescritora.com\/blog\/wp-content\/uploads\/2022\/03\/SIETE-DIAS-Y-UNA-FOTO.png\",\"width\":1024,\"height\":280},{\"@type\":\"BreadcrumbList\",\"@id\":\"https:\/\/dev.tessacooperescritora.com\/blog\/siete-dias-y-una-foto\/#breadcrumb\",\"itemListElement\":[{\"@type\":\"ListItem\",\"position\":1,\"name\":\"Portada\",\"item\":\"https:\/\/dev.tessacooperescritora.com\/blog\/\"},{\"@type\":\"ListItem\",\"position\":2,\"name\":\"SIETE D\u00cdAS Y UNA FOTO\"}]},{\"@type\":\"WebSite\",\"@id\":\"https:\/\/dev.tessacooperescritora.com\/blog\/#website\",\"url\":\"https:\/\/dev.tessacooperescritora.com\/blog\/\",\"name\":\"Tessa Cooper Escritora\",\"description\":\"\",\"potentialAction\":[{\"@type\":\"SearchAction\",\"target\":{\"@type\":\"EntryPoint\",\"urlTemplate\":\"https:\/\/dev.tessacooperescritora.com\/blog\/?s={search_term_string}\"},\"query-input\":{\"@type\":\"PropertyValueSpecification\",\"valueRequired\":true,\"valueName\":\"search_term_string\"}}],\"inLanguage\":\"es\"}]}<\/script>\n<!-- \/ Yoast SEO plugin. -->","yoast_head_json":{"title":"SIETE D\u00cdAS Y UNA FOTO - Tessa Cooper Escritora","description":"Siete d\u00edas y una foto es la cuarta novela de Tessa Cooper, una comedia rom\u00e1ntica con tintes de feelgood con la que las risas est\u00e1n aseguradas.","robots":{"index":"index","follow":"follow","max-snippet":"max-snippet:-1","max-image-preview":"max-image-preview:large","max-video-preview":"max-video-preview:-1"},"canonical":"https:\/\/dev.tessacooperescritora.com\/blog\/siete-dias-y-una-foto\/","og_locale":"es_ES","og_type":"article","og_title":"SIETE D\u00cdAS Y UNA FOTO - Tessa Cooper Escritora","og_description":"Siete d\u00edas y una foto es la cuarta novela de Tessa Cooper, una comedia rom\u00e1ntica con tintes de feelgood con la que las risas est\u00e1n aseguradas.","og_url":"https:\/\/dev.tessacooperescritora.com\/blog\/siete-dias-y-una-foto\/","og_site_name":"Tessa Cooper Escritora","article_modified_time":"2025-12-21T19:05:23+00:00","og_image":[{"width":1024,"height":280,"url":"https:\/\/dev.tessacooperescritora.com\/blog\/wp-content\/uploads\/2022\/03\/SIETE-DIAS-Y-UNA-FOTO.png","type":"image\/png"}],"twitter_card":"summary_large_image","twitter_misc":{"Tiempo de lectura":"2 minutos"},"schema":{"@context":"https:\/\/schema.org","@graph":[{"@type":"WebPage","@id":"https:\/\/dev.tessacooperescritora.com\/blog\/siete-dias-y-una-foto\/","url":"https:\/\/dev.tessacooperescritora.com\/blog\/siete-dias-y-una-foto\/","name":"SIETE D\u00cdAS Y UNA FOTO - Tessa Cooper Escritora","isPartOf":{"@id":"https:\/\/dev.tessacooperescritora.com\/blog\/#website"},"primaryImageOfPage":{"@id":"https:\/\/dev.tessacooperescritora.com\/blog\/siete-dias-y-una-foto\/#primaryimage"},"image":{"@id":"https:\/\/dev.tessacooperescritora.com\/blog\/siete-dias-y-una-foto\/#primaryimage"},"thumbnailUrl":"https:\/\/dev.tessacooperescritora.com\/blog\/wp-content\/uploads\/2022\/03\/SIETE-DIAS-Y-UNA-FOTO.png","datePublished":"2022-03-01T18:42:58+00:00","dateModified":"2025-12-21T19:05:23+00:00","description":"Siete d\u00edas y una foto es la cuarta novela de Tessa Cooper, una comedia rom\u00e1ntica con tintes de feelgood con la que las risas est\u00e1n aseguradas.","breadcrumb":{"@id":"https:\/\/dev.tessacooperescritora.com\/blog\/siete-dias-y-una-foto\/#breadcrumb"},"inLanguage":"es","potentialAction":[{"@type":"ReadAction","target":["https:\/\/dev.tessacooperescritora.com\/blog\/siete-dias-y-una-foto\/"]}]},{"@type":"ImageObject","inLanguage":"es","@id":"https:\/\/dev.tessacooperescritora.com\/blog\/siete-dias-y-una-foto\/#primaryimage","url":"https:\/\/dev.tessacooperescritora.com\/blog\/wp-content\/uploads\/2022\/03\/SIETE-DIAS-Y-UNA-FOTO.png","contentUrl":"https:\/\/dev.tessacooperescritora.com\/blog\/wp-content\/uploads\/2022\/03\/SIETE-DIAS-Y-UNA-FOTO.png","width":1024,"height":280},{"@type":"BreadcrumbList","@id":"https:\/\/dev.tessacooperescritora.com\/blog\/siete-dias-y-una-foto\/#breadcrumb","itemListElement":[{"@type":"ListItem","position":1,"name":"Portada","item":"https:\/\/dev.tessacooperescritora.com\/blog\/"},{"@type":"ListItem","position":2,"name":"SIETE D\u00cdAS Y UNA FOTO"}]},{"@type":"WebSite","@id":"https:\/\/dev.tessacooperescritora.com\/blog\/#website","url":"https:\/\/dev.tessacooperescritora.com\/blog\/","name":"Tessa Cooper Escritora","description":"","potentialAction":[{"@type":"SearchAction","target":{"@type":"EntryPoint","urlTemplate":"https:\/\/dev.tessacooperescritora.com\/blog\/?s={search_term_string}"},"query-input":{"@type":"PropertyValueSpecification","valueRequired":true,"valueName":"search_term_string"}}],"inLanguage":"es"}]}},"acf":[],"_links":{"self":[{"href":"https:\/\/dev.tessacooperescritora.com\/blog\/wp-json\/wp\/v2\/pages\/2170","targetHints":{"allow":["GET"]}}],"collection":[{"href":"https:\/\/dev.tessacooperescritora.com\/blog\/wp-json\/wp\/v2\/pages"}],"about":[{"href":"https:\/\/dev.tessacooperescritora.com\/blog\/wp-json\/wp\/v2\/types\/page"}],"author":[{"embeddable":true,"href":"https:\/\/dev.tessacooperescritora.com\/blog\/wp-json\/wp\/v2\/users\/1"}],"replies":[{"embeddable":true,"href":"https:\/\/dev.tessacooperescritora.com\/blog\/wp-json\/wp\/v2\/comments?post=2170"}],"version-history":[{"count":3,"href":"https:\/\/dev.tessacooperescritora.com\/blog\/wp-json\/wp\/v2\/pages\/2170\/revisions"}],"predecessor-version":[{"id":2661,"href":"https:\/\/dev.tessacooperescritora.com\/blog\/wp-json\/wp\/v2\/pages\/2170\/revisions\/2661"}],"wp:featuredmedia":[{"embeddable":true,"href":"https:\/\/dev.tessacooperescritora.com\/blog\/wp-json\/wp\/v2\/media\/2173"}],"wp:attachment":[{"href":"https:\/\/dev.tessacooperescritora.com\/blog\/wp-json\/wp\/v2\/media?parent=2170"}],"curies":[{"name":"wp","href":"https:\/\/api.w.org\/{rel}","templated":true}]}}