{"id":1471,"date":"2021-01-02T22:30:10","date_gmt":"2021-01-02T21:30:10","guid":{"rendered":"https:\/\/dev.tessacooperescritora.com\/blog\/?page_id=1471"},"modified":"2021-01-02T22:30:10","modified_gmt":"2021-01-02T21:30:10","slug":"colobraciones-antologia-benefica-pequenos-relatos-para-grandes-heroinas","status":"publish","type":"page","link":"https:\/\/dev.tessacooperescritora.com\/blog\/colobraciones-antologia-benefica-pequenos-relatos-para-grandes-heroinas\/","title":{"rendered":"COLABORACIONES"},"content":{"rendered":"\n<div class=\"wp-block-columns is-layout-flex wp-container-core-columns-is-layout-9d6595d7 wp-block-columns-is-layout-flex\">\n<div class=\"wp-block-column is-layout-flow wp-block-column-is-layout-flow\" style=\"flex-basis:33.33%\">\n<div class=\"wp-block-image\"><figure class=\"alignleft size-large is-resized\"><a href=\"https:\/\/www.amazon.es\/Una-familia-obras-Leonor-Basallote-ebook\/dp\/B09MTBNTF8\"><img fetchpriority=\"high\" decoding=\"async\" src=\"https:\/\/dev.tessacooperescritora.com\/blog\/wp-content\/uploads\/2021\/12\/unafamiliaenobras-1-640x1024.jpeg\" alt=\"\" class=\"wp-image-2152\" width=\"282\" height=\"450\" srcset=\"https:\/\/dev.tessacooperescritora.com\/blog\/wp-content\/uploads\/2021\/12\/unafamiliaenobras-1-640x1024.jpeg 640w, https:\/\/dev.tessacooperescritora.com\/blog\/wp-content\/uploads\/2021\/12\/unafamiliaenobras-1-188x300.jpeg 188w, https:\/\/dev.tessacooperescritora.com\/blog\/wp-content\/uploads\/2021\/12\/unafamiliaenobras-1-768x1229.jpeg 768w, https:\/\/dev.tessacooperescritora.com\/blog\/wp-content\/uploads\/2021\/12\/unafamiliaenobras-1-960x1536.jpeg 960w, https:\/\/dev.tessacooperescritora.com\/blog\/wp-content\/uploads\/2021\/12\/unafamiliaenobras-1-1280x2048.jpeg 1280w, https:\/\/dev.tessacooperescritora.com\/blog\/wp-content\/uploads\/2021\/12\/unafamiliaenobras-1-1140x1824.jpeg 1140w, https:\/\/dev.tessacooperescritora.com\/blog\/wp-content\/uploads\/2021\/12\/unafamiliaenobras-1.jpeg 1600w\" sizes=\"(max-width: 282px) 100vw, 282px\" \/><\/a><\/figure><\/div>\n<\/div>\n\n\n\n<div class=\"wp-block-column is-layout-flow wp-block-column-is-layout-flow\" style=\"flex-basis:66.66%\">\n<p>\u00ab<strong>Una Familia en Obras<\/strong>\u00bb por Leonor Basallote, Mar\u00eda Latorre, M\u00f2nica Linares y Tessa Cooper.<\/p>\n\n\n\n<p class=\"has-text-align-left\">\u00bfPueden unas obras reconstruir a una familia?<br>Irene lo tiene claro. Por eso propone a sus hermanos reformar la antigua mas\u00eda de sus abuelos. Lo que no sabe es que, durante el proceso, conocer\u00e1 a Miguel, un arquitecto que la ayudar\u00e1 a algo m\u00e1s que elaborar unos planos.<br>A Bruno le gusta la idea, solo espera que el presupuesto sea aceptable. Y es que Bruno batalla por un futuro mejor en un presente en el que se ha topado con Lena, una chica a la que le saca diez a\u00f1os y que sabe bien lo que quiere: a \u00e9l.<br>Cristina se ofrece a regresar a Camprod\u00f3n para supervisar la reforma. En s\u00ed, eso no es un problema. Lo que la inquieta es Xavi. Xavi y sus recuerdos. Xavi y un beso. Xavi y una llamada que no se produjo.<br>Mart\u00edn no sabe c\u00f3mo escapar del l\u00edo en el que se ha metido. Una peque\u00f1a mentira, una cita para desvelarla, una madre curiosa y\u2026 Malena, la chica con la que a\u00fan no se ha atrevido a hablar, pero que ya forma parte de la historia.<br>Una familia. Cuatro hermanos. Y una reforma que los unir\u00e1 para siempre.<\/p>\n\n\n\n<div class=\"wp-block-buttons is-layout-flex wp-block-buttons-is-layout-flex\">\n<div class=\"wp-block-button\"><a class=\"wp-block-button__link has-white-color has-text-color has-background\" href=\"https:\/\/www.amazon.es\/Una-familia-obras-Leonor-Basallote-ebook\/dp\/B09MTBNTF8\" style=\"background-color:#ca9b52\" target=\"_blank\" rel=\"noreferrer noopener\">DISPONIBLE EN AMAZON <\/a><\/div>\n<\/div>\n<\/div>\n<\/div>\n\n\n\n<div style=\"height:100px\" aria-hidden=\"true\" class=\"wp-block-spacer\"><\/div>\n\n\n\n<div class=\"wp-block-media-text alignwide is-stacked-on-mobile\" style=\"grid-template-columns:30% auto\"><figure class=\"wp-block-media-text__media\"><img decoding=\"async\" width=\"213\" height=\"320\" src=\"https:\/\/dev.tessacooperescritora.com\/blog\/wp-content\/uploads\/2021\/01\/PEQUENOS-RELATOS-PARA-GRANDES-HEROINAS.jpg\" alt=\"\" class=\"wp-image-1472 size-full\" srcset=\"https:\/\/dev.tessacooperescritora.com\/blog\/wp-content\/uploads\/2021\/01\/PEQUENOS-RELATOS-PARA-GRANDES-HEROINAS.jpg 213w, https:\/\/dev.tessacooperescritora.com\/blog\/wp-content\/uploads\/2021\/01\/PEQUENOS-RELATOS-PARA-GRANDES-HEROINAS-200x300.jpg 200w\" sizes=\"(max-width: 213px) 100vw, 213px\" \/><\/figure><div class=\"wp-block-media-text__content\">\n<p><\/p>\n\n\n\n<p style=\"font-size:18px\">Peque\u00f1os relatos para grandes hero\u00ednas es una antolog\u00eda ben\u00e9fica compuesta por 18 relatos. <\/p>\n\n\n\n<p style=\"font-size:18px\">El objetivo principal es recaudar fondos que ir\u00e1n destinados a la investigaci\u00f3n del c\u00e1ncer de mama mediante la Associaci\u00f3 DACMA de Sant Joan Desp\u00ed (Barcelona) .<\/p>\n\n\n\n<p style=\"font-size:18px\">\u00abUn peque\u00f1o empuj\u00f3n\u00bb es el relato con el que participo.<\/p>\n\n\n\n<div class=\"wp-block-buttons is-layout-flex wp-block-buttons-is-layout-flex\">\n<div class=\"wp-block-button\"><a class=\"wp-block-button__link has-white-color has-text-color has-background\" href=\"https:\/\/www.amazon.es\/Peque%C3%B1os-Relatos-para-grandes-hero%C3%ADnas\/dp\/B08QBQL1K5\/ref=sr_1_1?__mk_es_ES=%C3%85M%C3%85%C5%BD%C3%95%C3%91&amp;crid=3V917Y8M77PM7&amp;dchild=1&amp;keywords=peque%C3%B1os+relatos+para+grandes+heroinas&amp;qid=1609622552&amp;sprefix=PEQUE%C3%91OS+RELA%2Caps%2C182&amp;sr=8-1\" style=\"background-color:#ca9b52\" target=\"_blank\" rel=\"noreferrer noopener\">DISPONIBLE EN AMAZON <\/a><\/div>\n<\/div>\n\n\n\n<p><\/p>\n<\/div><\/div>\n\n\n\n<p><\/p>\n","protected":false},"excerpt":{"rendered":"<p>\u00abUna Familia en Obras\u00bb por Leonor Basallote, Mar\u00eda Latorre, M\u00f2nica Linares y Tessa Cooper. \u00bfPueden unas obras reconstruir a una familia?Irene lo tiene claro. Por eso propone a sus hermanos reformar la antigua mas\u00eda de sus abuelos. Lo que no sabe es que, durante el proceso, conocer\u00e1 a Miguel, un arquitecto que la ayudar\u00e1 a algo m\u00e1s que elaborar unos planos.A Bruno le gusta la idea, solo espera que el presupuesto sea aceptable. Y es que Bruno batalla por un futuro mejor en un presente en el que se ha topado con Lena, una chica a la que le saca diez a\u00f1os y que sabe bien lo que quiere: a \u00e9l.Cristina se ofrece a regresar a Camprod\u00f3n para supervisar la reforma. En s\u00ed, eso no es un problema. Lo que la inquieta es Xavi. Xavi y sus recuerdos. Xavi y un beso. Xavi y una llamada que no se produjo.Mart\u00edn no sabe c\u00f3mo escapar del l\u00edo en el que se ha metido. Una peque\u00f1a mentira, una cita para desvelarla, una madre curiosa y\u2026 Malena, la chica con la que a\u00fan no se ha atrevido a hablar, pero que ya forma parte de la historia.Una familia. Cuatro hermanos. Y una reforma que los unir\u00e1 para siempre.<\/p>\n","protected":false},"author":1,"featured_media":0,"parent":0,"menu_order":0,"comment_status":"closed","ping_status":"closed","template":"","meta":{"footnotes":""},"class_list":["post-1471","page","type-page","status-publish","hentry"],"yoast_head":"<!-- This site is optimized with the Yoast SEO plugin v26.4 - https:\/\/yoast.com\/wordpress\/plugins\/seo\/ -->\n<title>COLABORACIONES - Tessa Cooper Escritora Antolog\u00eda ben\u00e9fica - Investigaci\u00f3n c\u00e1ncer de mama.<\/title>\n<meta name=\"description\" content=\"Peque\u00f1os relatos para grandes hero\u00ednas es una antolog\u00eda ben\u00e9fica cuyo objetivo es recaudar fondos para la investigaci\u00f3n del c\u00e1ncer de mama.\" \/>\n<meta name=\"robots\" content=\"index, follow, max-snippet:-1, max-image-preview:large, max-video-preview:-1\" \/>\n<link rel=\"canonical\" href=\"https:\/\/dev.tessacooperescritora.com\/blog\/colobraciones-antologia-benefica-pequenos-relatos-para-grandes-heroinas\/\" \/>\n<meta property=\"og:locale\" content=\"es_ES\" \/>\n<meta property=\"og:type\" content=\"article\" \/>\n<meta property=\"og:title\" content=\"COLABORACIONES - Tessa Cooper Escritora Antolog\u00eda ben\u00e9fica - Investigaci\u00f3n c\u00e1ncer de mama.\" \/>\n<meta property=\"og:description\" content=\"Peque\u00f1os relatos para grandes hero\u00ednas es una antolog\u00eda ben\u00e9fica cuyo objetivo es recaudar fondos para la investigaci\u00f3n del c\u00e1ncer de mama.\" \/>\n<meta property=\"og:url\" content=\"https:\/\/dev.tessacooperescritora.com\/blog\/colobraciones-antologia-benefica-pequenos-relatos-para-grandes-heroinas\/\" \/>\n<meta property=\"og:site_name\" content=\"Tessa Cooper Escritora\" \/>\n<meta property=\"og:image\" content=\"https:\/\/dev.tessacooperescritora.com\/blog\/wp-content\/uploads\/2021\/12\/unafamiliaenobras-1-640x1024.jpeg\" \/>\n<meta name=\"twitter:card\" content=\"summary_large_image\" \/>\n<meta name=\"twitter:label1\" content=\"Tiempo de lectura\" \/>\n\t<meta name=\"twitter:data1\" content=\"2 minutos\" \/>\n<script type=\"application\/ld+json\" class=\"yoast-schema-graph\">{\"@context\":\"https:\/\/schema.org\",\"@graph\":[{\"@type\":\"WebPage\",\"@id\":\"https:\/\/dev.tessacooperescritora.com\/blog\/colobraciones-antologia-benefica-pequenos-relatos-para-grandes-heroinas\/\",\"url\":\"https:\/\/dev.tessacooperescritora.com\/blog\/colobraciones-antologia-benefica-pequenos-relatos-para-grandes-heroinas\/\",\"name\":\"COLABORACIONES - Tessa Cooper Escritora Antolog\u00eda ben\u00e9fica - Investigaci\u00f3n c\u00e1ncer de mama.\",\"isPartOf\":{\"@id\":\"https:\/\/dev.tessacooperescritora.com\/blog\/#website\"},\"primaryImageOfPage\":{\"@id\":\"https:\/\/dev.tessacooperescritora.com\/blog\/colobraciones-antologia-benefica-pequenos-relatos-para-grandes-heroinas\/#primaryimage\"},\"image\":{\"@id\":\"https:\/\/dev.tessacooperescritora.com\/blog\/colobraciones-antologia-benefica-pequenos-relatos-para-grandes-heroinas\/#primaryimage\"},\"thumbnailUrl\":\"https:\/\/dev.tessacooperescritora.com\/blog\/wp-content\/uploads\/2021\/12\/unafamiliaenobras-1-640x1024.jpeg\",\"datePublished\":\"2021-01-02T21:30:10+00:00\",\"description\":\"Peque\u00f1os relatos para grandes hero\u00ednas es una antolog\u00eda ben\u00e9fica cuyo objetivo es recaudar fondos para la investigaci\u00f3n del c\u00e1ncer de mama.\",\"breadcrumb\":{\"@id\":\"https:\/\/dev.tessacooperescritora.com\/blog\/colobraciones-antologia-benefica-pequenos-relatos-para-grandes-heroinas\/#breadcrumb\"},\"inLanguage\":\"es\",\"potentialAction\":[{\"@type\":\"ReadAction\",\"target\":[\"https:\/\/dev.tessacooperescritora.com\/blog\/colobraciones-antologia-benefica-pequenos-relatos-para-grandes-heroinas\/\"]}]},{\"@type\":\"ImageObject\",\"inLanguage\":\"es\",\"@id\":\"https:\/\/dev.tessacooperescritora.com\/blog\/colobraciones-antologia-benefica-pequenos-relatos-para-grandes-heroinas\/#primaryimage\",\"url\":\"https:\/\/dev.tessacooperescritora.com\/blog\/wp-content\/uploads\/2021\/12\/unafamiliaenobras-1-640x1024.jpeg\",\"contentUrl\":\"https:\/\/dev.tessacooperescritora.com\/blog\/wp-content\/uploads\/2021\/12\/unafamiliaenobras-1-640x1024.jpeg\"},{\"@type\":\"BreadcrumbList\",\"@id\":\"https:\/\/dev.tessacooperescritora.com\/blog\/colobraciones-antologia-benefica-pequenos-relatos-para-grandes-heroinas\/#breadcrumb\",\"itemListElement\":[{\"@type\":\"ListItem\",\"position\":1,\"name\":\"Portada\",\"item\":\"https:\/\/dev.tessacooperescritora.com\/blog\/\"},{\"@type\":\"ListItem\",\"position\":2,\"name\":\"COLABORACIONES\"}]},{\"@type\":\"WebSite\",\"@id\":\"https:\/\/dev.tessacooperescritora.com\/blog\/#website\",\"url\":\"https:\/\/dev.tessacooperescritora.com\/blog\/\",\"name\":\"Tessa Cooper Escritora\",\"description\":\"\",\"potentialAction\":[{\"@type\":\"SearchAction\",\"target\":{\"@type\":\"EntryPoint\",\"urlTemplate\":\"https:\/\/dev.tessacooperescritora.com\/blog\/?s={search_term_string}\"},\"query-input\":{\"@type\":\"PropertyValueSpecification\",\"valueRequired\":true,\"valueName\":\"search_term_string\"}}],\"inLanguage\":\"es\"}]}<\/script>\n<!-- \/ Yoast SEO plugin. -->","yoast_head_json":{"title":"COLABORACIONES - Tessa Cooper Escritora Antolog\u00eda ben\u00e9fica - Investigaci\u00f3n c\u00e1ncer de mama.","description":"Peque\u00f1os relatos para grandes hero\u00ednas es una antolog\u00eda ben\u00e9fica cuyo objetivo es recaudar fondos para la investigaci\u00f3n del c\u00e1ncer de mama.","robots":{"index":"index","follow":"follow","max-snippet":"max-snippet:-1","max-image-preview":"max-image-preview:large","max-video-preview":"max-video-preview:-1"},"canonical":"https:\/\/dev.tessacooperescritora.com\/blog\/colobraciones-antologia-benefica-pequenos-relatos-para-grandes-heroinas\/","og_locale":"es_ES","og_type":"article","og_title":"COLABORACIONES - Tessa Cooper Escritora Antolog\u00eda ben\u00e9fica - Investigaci\u00f3n c\u00e1ncer de mama.","og_description":"Peque\u00f1os relatos para grandes hero\u00ednas es una antolog\u00eda ben\u00e9fica cuyo objetivo es recaudar fondos para la investigaci\u00f3n del c\u00e1ncer de mama.","og_url":"https:\/\/dev.tessacooperescritora.com\/blog\/colobraciones-antologia-benefica-pequenos-relatos-para-grandes-heroinas\/","og_site_name":"Tessa Cooper Escritora","og_image":[{"url":"https:\/\/dev.tessacooperescritora.com\/blog\/wp-content\/uploads\/2021\/12\/unafamiliaenobras-1-640x1024.jpeg","type":"","width":"","height":""}],"twitter_card":"summary_large_image","twitter_misc":{"Tiempo de lectura":"2 minutos"},"schema":{"@context":"https:\/\/schema.org","@graph":[{"@type":"WebPage","@id":"https:\/\/dev.tessacooperescritora.com\/blog\/colobraciones-antologia-benefica-pequenos-relatos-para-grandes-heroinas\/","url":"https:\/\/dev.tessacooperescritora.com\/blog\/colobraciones-antologia-benefica-pequenos-relatos-para-grandes-heroinas\/","name":"COLABORACIONES - Tessa Cooper Escritora Antolog\u00eda ben\u00e9fica - Investigaci\u00f3n c\u00e1ncer de mama.","isPartOf":{"@id":"https:\/\/dev.tessacooperescritora.com\/blog\/#website"},"primaryImageOfPage":{"@id":"https:\/\/dev.tessacooperescritora.com\/blog\/colobraciones-antologia-benefica-pequenos-relatos-para-grandes-heroinas\/#primaryimage"},"image":{"@id":"https:\/\/dev.tessacooperescritora.com\/blog\/colobraciones-antologia-benefica-pequenos-relatos-para-grandes-heroinas\/#primaryimage"},"thumbnailUrl":"https:\/\/dev.tessacooperescritora.com\/blog\/wp-content\/uploads\/2021\/12\/unafamiliaenobras-1-640x1024.jpeg","datePublished":"2021-01-02T21:30:10+00:00","description":"Peque\u00f1os relatos para grandes hero\u00ednas es una antolog\u00eda ben\u00e9fica cuyo objetivo es recaudar fondos para la investigaci\u00f3n del c\u00e1ncer de mama.","breadcrumb":{"@id":"https:\/\/dev.tessacooperescritora.com\/blog\/colobraciones-antologia-benefica-pequenos-relatos-para-grandes-heroinas\/#breadcrumb"},"inLanguage":"es","potentialAction":[{"@type":"ReadAction","target":["https:\/\/dev.tessacooperescritora.com\/blog\/colobraciones-antologia-benefica-pequenos-relatos-para-grandes-heroinas\/"]}]},{"@type":"ImageObject","inLanguage":"es","@id":"https:\/\/dev.tessacooperescritora.com\/blog\/colobraciones-antologia-benefica-pequenos-relatos-para-grandes-heroinas\/#primaryimage","url":"https:\/\/dev.tessacooperescritora.com\/blog\/wp-content\/uploads\/2021\/12\/unafamiliaenobras-1-640x1024.jpeg","contentUrl":"https:\/\/dev.tessacooperescritora.com\/blog\/wp-content\/uploads\/2021\/12\/unafamiliaenobras-1-640x1024.jpeg"},{"@type":"BreadcrumbList","@id":"https:\/\/dev.tessacooperescritora.com\/blog\/colobraciones-antologia-benefica-pequenos-relatos-para-grandes-heroinas\/#breadcrumb","itemListElement":[{"@type":"ListItem","position":1,"name":"Portada","item":"https:\/\/dev.tessacooperescritora.com\/blog\/"},{"@type":"ListItem","position":2,"name":"COLABORACIONES"}]},{"@type":"WebSite","@id":"https:\/\/dev.tessacooperescritora.com\/blog\/#website","url":"https:\/\/dev.tessacooperescritora.com\/blog\/","name":"Tessa Cooper Escritora","description":"","potentialAction":[{"@type":"SearchAction","target":{"@type":"EntryPoint","urlTemplate":"https:\/\/dev.tessacooperescritora.com\/blog\/?s={search_term_string}"},"query-input":{"@type":"PropertyValueSpecification","valueRequired":true,"valueName":"search_term_string"}}],"inLanguage":"es"}]}},"acf":[],"_links":{"self":[{"href":"https:\/\/dev.tessacooperescritora.com\/blog\/wp-json\/wp\/v2\/pages\/1471","targetHints":{"allow":["GET"]}}],"collection":[{"href":"https:\/\/dev.tessacooperescritora.com\/blog\/wp-json\/wp\/v2\/pages"}],"about":[{"href":"https:\/\/dev.tessacooperescritora.com\/blog\/wp-json\/wp\/v2\/types\/page"}],"author":[{"embeddable":true,"href":"https:\/\/dev.tessacooperescritora.com\/blog\/wp-json\/wp\/v2\/users\/1"}],"replies":[{"embeddable":true,"href":"https:\/\/dev.tessacooperescritora.com\/blog\/wp-json\/wp\/v2\/comments?post=1471"}],"version-history":[{"count":0,"href":"https:\/\/dev.tessacooperescritora.com\/blog\/wp-json\/wp\/v2\/pages\/1471\/revisions"}],"wp:attachment":[{"href":"https:\/\/dev.tessacooperescritora.com\/blog\/wp-json\/wp\/v2\/media?parent=1471"}],"curies":[{"name":"wp","href":"https:\/\/api.w.org\/{rel}","templated":true}]}}