{"id":1141,"date":"2020-12-29T19:25:17","date_gmt":"2020-12-29T18:25:17","guid":{"rendered":"https:\/\/dev.tessacooperescritora.com\/blog\/?page_id=1141"},"modified":"2025-12-23T20:36:51","modified_gmt":"2025-12-23T20:36:51","slug":"sobre-mi-tessa-cooper-escritora-de-romantica","status":"publish","type":"page","link":"https:\/\/dev.tessacooperescritora.com\/blog\/sobre-mi-tessa-cooper-escritora-de-romantica\/","title":{"rendered":"Mi historia"},"content":{"rendered":"\t\t<div data-elementor-type=\"wp-page\" data-elementor-id=\"1141\" class=\"elementor elementor-1141\">\n\t\t\t\t<div class=\"elementor-element elementor-element-6ee47d87 e-flex e-con-boxed e-con e-parent\" data-id=\"6ee47d87\" data-element_type=\"container\">\n\t\t\t\t\t<div class=\"e-con-inner\">\n\t\t\t\t<div class=\"elementor-element elementor-element-db3861b elementor-widget elementor-widget-text-editor\" data-id=\"db3861b\" data-element_type=\"widget\" data-widget_type=\"text-editor.default\">\n\t\t\t\t<div class=\"elementor-widget-container\">\n\t\t\t\t\t\t\t\t\t<h1>Mi historia<\/h1>\n<h1>(y por qu\u00e9 escribo rom\u00e1ntica feelgood)<\/h1>\t\t\t\t\t\t\t\t<\/div>\n\t\t\t\t<\/div>\n\t\t\t\t<div class=\"elementor-element elementor-element-4923677a elementor-widget elementor-widget-text-editor\" data-id=\"4923677a\" data-element_type=\"widget\" data-widget_type=\"text-editor.default\">\n\t\t\t\t<div class=\"elementor-widget-container\">\n\t\t\t\t\t\t\t\t\t<div class=\"wp-block-image is-style-rounded\">\n<figure class=\"aligncenter size-large is-resized\"><img fetchpriority=\"high\" decoding=\"async\" class=\"wp-image-1311\" src=\"https:\/\/dev.tessacooperescritora.com\/blog\/wp-content\/uploads\/2020\/12\/WhatsApp-Image-2020-12-31-at-00.49.17-768x1024.jpeg\" alt=\"Esta soy yo.\" width=\"276\" height=\"367\" srcset=\"https:\/\/dev.tessacooperescritora.com\/blog\/wp-content\/uploads\/2020\/12\/WhatsApp-Image-2020-12-31-at-00.49.17-768x1024.jpeg 768w, https:\/\/dev.tessacooperescritora.com\/blog\/wp-content\/uploads\/2020\/12\/WhatsApp-Image-2020-12-31-at-00.49.17-225x300.jpeg 225w, https:\/\/dev.tessacooperescritora.com\/blog\/wp-content\/uploads\/2020\/12\/WhatsApp-Image-2020-12-31-at-00.49.17-600x800.jpeg 600w, https:\/\/dev.tessacooperescritora.com\/blog\/wp-content\/uploads\/2020\/12\/WhatsApp-Image-2020-12-31-at-00.49.17-1152x1536.jpeg 1152w, https:\/\/dev.tessacooperescritora.com\/blog\/wp-content\/uploads\/2020\/12\/WhatsApp-Image-2020-12-31-at-00.49.17-1140x1520.jpeg 1140w, https:\/\/dev.tessacooperescritora.com\/blog\/wp-content\/uploads\/2020\/12\/WhatsApp-Image-2020-12-31-at-00.49.17.jpeg 1200w\" sizes=\"(max-width: 276px) 100vw, 276px\" \/>\n<p>\u00a0<\/p>\n<figcaption>Esta soy yo<\/figcaption>\n<\/figure>\n<\/div>\n<p><!-- \/wp:image --><!-- wp:paragraph {\"style\":{\"typography\":{\"fontSize\":18}}} --><\/p>\n<p data-start=\"1155\" data-end=\"1617\">Hola, soy <strong data-start=\"1165\" data-end=\"1181\">Tessa Cooper<\/strong>. No nac\u00ed con un cuaderno bajo el brazo ni supe desde peque\u00f1a que ser\u00eda escritora. Lo m\u00edo lleg\u00f3 tarde y, quiz\u00e1 por eso, fue doblemente sorprendente.<br data-start=\"1329\" data-end=\"1332\" \/>Una noche de insomnio entend\u00ed que las historias que me inventaba para conciliar el sue\u00f1o pod\u00edan existir en un folio en blanco. Y un d\u00eda le dije a mi marido: <em data-start=\"1489\" data-end=\"1567\">\u201cme acabo de leer una novela con un final que hasta yo habr\u00eda escrito mejor\u201d<\/em>. Me mir\u00f3 y contest\u00f3: <strong data-start=\"1589\" data-end=\"1606\">\u201cPues hazlo.\u201d<\/strong> Y lo hice.<\/p>\n<p data-start=\"1619\" data-end=\"1886\">Desde entonces escribo <strong data-start=\"1642\" data-end=\"1679\">novelas rom\u00e1nticas contempor\u00e1neas<\/strong> con humor, emoci\u00f3n y <strong data-start=\"1701\" data-end=\"1722\">final con sonrisa<\/strong>. Me enamoran las <strong data-start=\"1740\" data-end=\"1766\">segundas oportunidades<\/strong>, las amistades que son familia, los personajes que se empe\u00f1an en crecer y esos momentos cotidianos que lo cambian todo.<\/p>\n<h3 data-start=\"1888\" data-end=\"1928\">Lo que vas a encontrar en mis libros<\/h3>\n<ul data-start=\"1929\" data-end=\"2220\">\n<li data-start=\"1929\" data-end=\"1988\">\n<p data-start=\"1931\" data-end=\"1988\"><strong data-start=\"1931\" data-end=\"1943\">Feelgood<\/strong>: historias c\u00e1lidas que abrazan por dentro.<\/p>\n<\/li>\n<li data-start=\"1989\" data-end=\"2068\">\n<p data-start=\"1991\" data-end=\"2068\"><strong data-start=\"1991\" data-end=\"2010\">Emoci\u00f3n y risas<\/strong>: un puntito de drama del bueno y muchas ganas de vivir.<\/p>\n<\/li>\n<li data-start=\"2069\" data-end=\"2135\">\n<p data-start=\"2071\" data-end=\"2135\"><strong data-start=\"2071\" data-end=\"2102\">Personajes de carne y hueso<\/strong>: con dudas, miedos y valent\u00eda.<\/p>\n<\/li>\n<li data-start=\"2136\" data-end=\"2220\">\n<p data-start=\"2138\" data-end=\"2220\"><strong data-start=\"2138\" data-end=\"2157\">Finales felices<\/strong>: la vida ya es bastante complicada; mis novelas terminan bien.<\/p>\n<\/li>\n<\/ul>\n<h3 data-start=\"2222\" data-end=\"2254\">C\u00f3mo empec\u00e9 (y por qu\u00e9 sigo)<\/h3>\n<p data-start=\"2255\" data-end=\"2528\">Juntar letras me apasiona: crear mundos en la cabeza es bonito, pero darles vida es <strong data-start=\"2339\" data-end=\"2348\">magia<\/strong>. Me gusta provocar sonrisas (y, a veces, un nudo en la garganta) porque creo que las historias tambi\u00e9n curan, acompa\u00f1an y nos recuerdan que <strong data-start=\"2489\" data-end=\"2527\">siempre hay segundas oportunidades<\/strong>.<\/p>\n<h3 data-start=\"2530\" data-end=\"2551\">Un poco m\u00e1s de m\u00ed<\/h3>\n<p data-start=\"2552\" data-end=\"2892\">Me llamo Tessa, hablo mucho (mucho), canto fatal y tengo debilidad por el chocolate y la pizza de viernes en casa. Prefiero los atardeceres a los amaneceres, los perros a casi todo y los viajes que abren la mente. Cocinar\u2026 no es lo m\u00edo, pero los pasteles me salen estupendos. Y aunque la vida no siempre me ense\u00f1a su mejor cara, <strong data-start=\"2878\" data-end=\"2891\">soy feliz<\/strong>.<\/p>\n<p data-start=\"2894\" data-end=\"3014\">Si te gustan las novelas rom\u00e1nticas cercanas, con chispa y coraz\u00f3n, me encantar\u00e1 que te quedes en mi mundo de historias.<\/p>\n<p>\u00a0<\/p>\n<p data-start=\"3016\" data-end=\"3174\"><strong data-start=\"3016\" data-end=\"3059\">\u00bfTe vienes a <em data-start=\"3031\" data-end=\"3044\">Caos bonito<\/em>, mi bolet\u00edn?<\/strong><br data-start=\"3059\" data-end=\"3062\" \/>Recibe un <strong data-start=\"3072\" data-end=\"3091\">relato <\/strong>exclusivo + adelantos y extras, 2\u20133 emails al mes.<\/p>\n<p><!-- \/wp:paragraph --><!-- wp:image {\"align\":\"center\",\"id\":1313,\"sizeSlug\":\"large\",\"linkDestination\":\"none\",\"className\":\"is-style-default\"} --><\/p>\n<p><!-- \/wp:image --><!-- wp:paragraph {\"style\":{\"typography\":{\"fontSize\":18}}} --><\/p>\n<p><!-- \/wp:paragraph --><!-- wp:paragraph {\"fontSize\":\"medium\"} --><\/p>\n<p><!-- \/wp:paragraph --><\/p>\t\t\t\t\t\t\t\t<\/div>\n\t\t\t\t<\/div>\n\t\t\t\t\t<\/div>\n\t\t\t\t<\/div>\n\t\t<div class=\"elementor-element elementor-element-2919a63 e-flex e-con-boxed e-con e-parent\" data-id=\"2919a63\" data-element_type=\"container\">\n\t\t\t\t\t<div class=\"e-con-inner\">\n\t\t\t\t<div class=\"elementor-element elementor-element-b69b958 elementor-align-left elementor-widget elementor-widget-button\" data-id=\"b69b958\" data-element_type=\"widget\" data-widget_type=\"button.default\">\n\t\t\t\t<div class=\"elementor-widget-container\">\n\t\t\t\t\t\t\t\t\t<div class=\"elementor-button-wrapper\">\n\t\t\t\t\t<a class=\"elementor-button elementor-button-link elementor-size-sm\" href=\"https:\/\/dev.tessacooperescritora.com\/blog\/unete-a-mi-canal\/\">\n\t\t\t\t\t\t<span class=\"elementor-button-content-wrapper\">\n\t\t\t\t\t\t\t\t\t<span class=\"elementor-button-text\">Unirme a Caos bonito<\/span>\n\t\t\t\t\t<\/span>\n\t\t\t\t\t<\/a>\n\t\t\t\t<\/div>\n\t\t\t\t\t\t\t\t<\/div>\n\t\t\t\t<\/div>\n\t\t\t\t\t<\/div>\n\t\t\t\t<\/div>\n\t\t<div class=\"elementor-element elementor-element-2fafae2 e-flex e-con-boxed e-con e-parent\" data-id=\"2fafae2\" data-element_type=\"container\">\n\t\t\t\t\t<div class=\"e-con-inner\">\n\t\t\t\t<div class=\"elementor-element elementor-element-88fc6e5 elementor-widget elementor-widget-text-editor\" data-id=\"88fc6e5\" data-element_type=\"widget\" data-widget_type=\"text-editor.default\">\n\t\t\t\t<div class=\"elementor-widget-container\">\n\t\t\t\t\t\t\t\t\t<p>\u00a0<\/p>\n<p>\u00a1Nos leemos!<\/p>\n<p><strong>Tessa <span class=\"x19la9d6 x1fc57z9 x6ikm8r x10wlt62 x19co3pv x11tp94h xfibh0p xiy17q3 x1xsqp64 x1lkfr7t xexx8yu xyri2b x18d9i69 x1c1uobl\"><span class=\"xrtxmta x1bhl96m\"><img decoding=\"async\" class=\"emoji\" role=\"img\" draggable=\"false\" src=\"https:\/\/s.w.org\/images\/core\/emoji\/17.0.2\/svg\/1f495.svg\" alt=\"\ud83d\udc95\" \/><\/span><\/span><\/strong><\/p>\t\t\t\t\t\t\t\t<\/div>\n\t\t\t\t<\/div>\n\t\t\t\t\t<\/div>\n\t\t\t\t<\/div>\n\t\t\t\t<\/div>\n\t\t","protected":false},"excerpt":{"rendered":"<p>Mi historia (y por qu\u00e9 escribo rom\u00e1ntica feelgood) \u00a0Esta soy yo Hola, soy Tessa Cooper. No nac\u00ed con un cuaderno bajo el brazo ni supe desde peque\u00f1a que ser\u00eda escritora. Lo m\u00edo lleg\u00f3 tarde y, quiz\u00e1 por eso, fue doblemente sorprendente.Una noche de insomnio entend\u00ed que las historias que me inventaba para conciliar el sue\u00f1o pod\u00edan existir en un folio en blanco. Y un d\u00eda le dije a mi marido: \u201cme acabo de leer una novela con un final que hasta yo habr\u00eda escrito mejor\u201d. Me mir\u00f3 y contest\u00f3: \u201cPues hazlo.\u201d Y lo hice. Desde entonces escribo novelas rom\u00e1nticas contempor\u00e1neas con humor, emoci\u00f3n y final con sonrisa. Me enamoran las segundas oportunidades, las amistades que son familia, los personajes que se empe\u00f1an en crecer y esos momentos cotidianos que lo cambian todo. Lo que vas a encontrar en mis libros Feelgood: historias c\u00e1lidas que abrazan por dentro. Emoci\u00f3n y risas: un puntito de drama del bueno y muchas ganas de vivir. Personajes de carne y hueso: con dudas, miedos y valent\u00eda. Finales felices: la vida ya es bastante complicada; mis novelas terminan bien. C\u00f3mo empec\u00e9 (y por qu\u00e9 sigo) Juntar letras me apasiona: crear mundos en la cabeza es bonito, pero darles vida es magia. Me gusta provocar sonrisas (y, a veces, un nudo en la garganta) porque creo que las historias tambi\u00e9n curan, acompa\u00f1an y nos recuerdan que siempre hay segundas oportunidades. Un poco m\u00e1s de m\u00ed Me llamo Tessa, hablo mucho (mucho), canto fatal y tengo debilidad por el chocolate y la pizza de viernes en casa. Prefiero los atardeceres a los amaneceres, los perros a casi todo y los viajes que abren la mente. Cocinar\u2026 no es lo m\u00edo, pero los pasteles me salen estupendos. Y aunque la vida no siempre me ense\u00f1a su mejor cara, soy feliz. Si te gustan las novelas rom\u00e1nticas cercanas, con chispa y coraz\u00f3n, me encantar\u00e1 que te quedes en mi mundo de historias. \u00a0 \u00bfTe vienes a Caos bonito, mi bolet\u00edn?Recibe un relato exclusivo + adelantos y extras, 2\u20133 emails al mes. Unirme a Caos bonito \u00a0 \u00a1Nos leemos! Tessa<\/p>\n","protected":false},"author":1,"featured_media":0,"parent":0,"menu_order":0,"comment_status":"closed","ping_status":"closed","template":"","meta":{"footnotes":""},"class_list":["post-1141","page","type-page","status-publish","hentry"],"yoast_head":"<!-- This site is optimized with the Yoast SEO plugin v26.4 - https:\/\/yoast.com\/wordpress\/plugins\/seo\/ -->\n<title>Mi historia - Tessa Cooper Escritora Tessa Cooper Escritora de novela rom\u00e1ntica<\/title>\n<meta name=\"description\" content=\"Soy Tessa Cooper, escritora de novela rom\u00e1ntica, en este SOBRE M\u00cd encontrar\u00e1s una presentaci\u00f3n, en absoluto com\u00fan, de qui\u00e9n soy y qu\u00e9 hago.\" \/>\n<meta name=\"robots\" content=\"index, follow, max-snippet:-1, max-image-preview:large, max-video-preview:-1\" \/>\n<link rel=\"canonical\" href=\"https:\/\/dev.tessacooperescritora.com\/blog\/sobre-mi-tessa-cooper-escritora-de-romantica\/\" \/>\n<meta property=\"og:locale\" content=\"es_ES\" \/>\n<meta property=\"og:type\" content=\"article\" \/>\n<meta property=\"og:title\" content=\"Mi historia - Tessa Cooper Escritora Tessa Cooper Escritora de novela rom\u00e1ntica\" \/>\n<meta property=\"og:description\" content=\"Soy Tessa Cooper, escritora de novela rom\u00e1ntica, en este SOBRE M\u00cd encontrar\u00e1s una presentaci\u00f3n, en absoluto com\u00fan, de qui\u00e9n soy y qu\u00e9 hago.\" \/>\n<meta property=\"og:url\" content=\"https:\/\/dev.tessacooperescritora.com\/blog\/sobre-mi-tessa-cooper-escritora-de-romantica\/\" \/>\n<meta property=\"og:site_name\" content=\"Tessa Cooper Escritora\" \/>\n<meta property=\"article:modified_time\" content=\"2025-12-23T20:36:51+00:00\" \/>\n<meta property=\"og:image\" content=\"https:\/\/dev.tessacooperescritora.com\/blog\/wp-content\/uploads\/2020\/12\/WhatsApp-Image-2020-12-31-at-00.49.17.jpeg\" \/>\n\t<meta property=\"og:image:width\" content=\"1200\" \/>\n\t<meta property=\"og:image:height\" content=\"1600\" \/>\n\t<meta property=\"og:image:type\" content=\"image\/jpeg\" \/>\n<meta name=\"twitter:card\" content=\"summary_large_image\" \/>\n<meta name=\"twitter:label1\" content=\"Tiempo de lectura\" \/>\n\t<meta name=\"twitter:data1\" content=\"2 minutos\" \/>\n<script type=\"application\/ld+json\" class=\"yoast-schema-graph\">{\"@context\":\"https:\/\/schema.org\",\"@graph\":[{\"@type\":\"WebPage\",\"@id\":\"https:\/\/dev.tessacooperescritora.com\/blog\/sobre-mi-tessa-cooper-escritora-de-romantica\/\",\"url\":\"https:\/\/dev.tessacooperescritora.com\/blog\/sobre-mi-tessa-cooper-escritora-de-romantica\/\",\"name\":\"Mi historia - Tessa Cooper Escritora Tessa Cooper Escritora de novela rom\u00e1ntica\",\"isPartOf\":{\"@id\":\"https:\/\/dev.tessacooperescritora.com\/blog\/#website\"},\"primaryImageOfPage\":{\"@id\":\"https:\/\/dev.tessacooperescritora.com\/blog\/sobre-mi-tessa-cooper-escritora-de-romantica\/#primaryimage\"},\"image\":{\"@id\":\"https:\/\/dev.tessacooperescritora.com\/blog\/sobre-mi-tessa-cooper-escritora-de-romantica\/#primaryimage\"},\"thumbnailUrl\":\"https:\/\/dev.tessacooperescritora.com\/blog\/wp-content\/uploads\/2020\/12\/WhatsApp-Image-2020-12-31-at-00.49.17-768x1024.jpeg\",\"datePublished\":\"2020-12-29T18:25:17+00:00\",\"dateModified\":\"2025-12-23T20:36:51+00:00\",\"description\":\"Soy Tessa Cooper, escritora de novela rom\u00e1ntica, en este SOBRE M\u00cd encontrar\u00e1s una presentaci\u00f3n, en absoluto com\u00fan, de qui\u00e9n soy y qu\u00e9 hago.\",\"breadcrumb\":{\"@id\":\"https:\/\/dev.tessacooperescritora.com\/blog\/sobre-mi-tessa-cooper-escritora-de-romantica\/#breadcrumb\"},\"inLanguage\":\"es\",\"potentialAction\":[{\"@type\":\"ReadAction\",\"target\":[\"https:\/\/dev.tessacooperescritora.com\/blog\/sobre-mi-tessa-cooper-escritora-de-romantica\/\"]}]},{\"@type\":\"ImageObject\",\"inLanguage\":\"es\",\"@id\":\"https:\/\/dev.tessacooperescritora.com\/blog\/sobre-mi-tessa-cooper-escritora-de-romantica\/#primaryimage\",\"url\":\"https:\/\/dev.tessacooperescritora.com\/blog\/wp-content\/uploads\/2020\/12\/WhatsApp-Image-2020-12-31-at-00.49.17-768x1024.jpeg\",\"contentUrl\":\"https:\/\/dev.tessacooperescritora.com\/blog\/wp-content\/uploads\/2020\/12\/WhatsApp-Image-2020-12-31-at-00.49.17-768x1024.jpeg\"},{\"@type\":\"BreadcrumbList\",\"@id\":\"https:\/\/dev.tessacooperescritora.com\/blog\/sobre-mi-tessa-cooper-escritora-de-romantica\/#breadcrumb\",\"itemListElement\":[{\"@type\":\"ListItem\",\"position\":1,\"name\":\"Portada\",\"item\":\"https:\/\/dev.tessacooperescritora.com\/blog\/\"},{\"@type\":\"ListItem\",\"position\":2,\"name\":\"Mi historia\"}]},{\"@type\":\"WebSite\",\"@id\":\"https:\/\/dev.tessacooperescritora.com\/blog\/#website\",\"url\":\"https:\/\/dev.tessacooperescritora.com\/blog\/\",\"name\":\"Tessa Cooper Escritora\",\"description\":\"\",\"potentialAction\":[{\"@type\":\"SearchAction\",\"target\":{\"@type\":\"EntryPoint\",\"urlTemplate\":\"https:\/\/dev.tessacooperescritora.com\/blog\/?s={search_term_string}\"},\"query-input\":{\"@type\":\"PropertyValueSpecification\",\"valueRequired\":true,\"valueName\":\"search_term_string\"}}],\"inLanguage\":\"es\"}]}<\/script>\n<!-- \/ Yoast SEO plugin. -->","yoast_head_json":{"title":"Mi historia - Tessa Cooper Escritora Tessa Cooper Escritora de novela rom\u00e1ntica","description":"Soy Tessa Cooper, escritora de novela rom\u00e1ntica, en este SOBRE M\u00cd encontrar\u00e1s una presentaci\u00f3n, en absoluto com\u00fan, de qui\u00e9n soy y qu\u00e9 hago.","robots":{"index":"index","follow":"follow","max-snippet":"max-snippet:-1","max-image-preview":"max-image-preview:large","max-video-preview":"max-video-preview:-1"},"canonical":"https:\/\/dev.tessacooperescritora.com\/blog\/sobre-mi-tessa-cooper-escritora-de-romantica\/","og_locale":"es_ES","og_type":"article","og_title":"Mi historia - Tessa Cooper Escritora Tessa Cooper Escritora de novela rom\u00e1ntica","og_description":"Soy Tessa Cooper, escritora de novela rom\u00e1ntica, en este SOBRE M\u00cd encontrar\u00e1s una presentaci\u00f3n, en absoluto com\u00fan, de qui\u00e9n soy y qu\u00e9 hago.","og_url":"https:\/\/dev.tessacooperescritora.com\/blog\/sobre-mi-tessa-cooper-escritora-de-romantica\/","og_site_name":"Tessa Cooper Escritora","article_modified_time":"2025-12-23T20:36:51+00:00","og_image":[{"width":1200,"height":1600,"url":"https:\/\/dev.tessacooperescritora.com\/blog\/wp-content\/uploads\/2020\/12\/WhatsApp-Image-2020-12-31-at-00.49.17.jpeg","type":"image\/jpeg"}],"twitter_card":"summary_large_image","twitter_misc":{"Tiempo de lectura":"2 minutos"},"schema":{"@context":"https:\/\/schema.org","@graph":[{"@type":"WebPage","@id":"https:\/\/dev.tessacooperescritora.com\/blog\/sobre-mi-tessa-cooper-escritora-de-romantica\/","url":"https:\/\/dev.tessacooperescritora.com\/blog\/sobre-mi-tessa-cooper-escritora-de-romantica\/","name":"Mi historia - Tessa Cooper Escritora Tessa Cooper Escritora de novela rom\u00e1ntica","isPartOf":{"@id":"https:\/\/dev.tessacooperescritora.com\/blog\/#website"},"primaryImageOfPage":{"@id":"https:\/\/dev.tessacooperescritora.com\/blog\/sobre-mi-tessa-cooper-escritora-de-romantica\/#primaryimage"},"image":{"@id":"https:\/\/dev.tessacooperescritora.com\/blog\/sobre-mi-tessa-cooper-escritora-de-romantica\/#primaryimage"},"thumbnailUrl":"https:\/\/dev.tessacooperescritora.com\/blog\/wp-content\/uploads\/2020\/12\/WhatsApp-Image-2020-12-31-at-00.49.17-768x1024.jpeg","datePublished":"2020-12-29T18:25:17+00:00","dateModified":"2025-12-23T20:36:51+00:00","description":"Soy Tessa Cooper, escritora de novela rom\u00e1ntica, en este SOBRE M\u00cd encontrar\u00e1s una presentaci\u00f3n, en absoluto com\u00fan, de qui\u00e9n soy y qu\u00e9 hago.","breadcrumb":{"@id":"https:\/\/dev.tessacooperescritora.com\/blog\/sobre-mi-tessa-cooper-escritora-de-romantica\/#breadcrumb"},"inLanguage":"es","potentialAction":[{"@type":"ReadAction","target":["https:\/\/dev.tessacooperescritora.com\/blog\/sobre-mi-tessa-cooper-escritora-de-romantica\/"]}]},{"@type":"ImageObject","inLanguage":"es","@id":"https:\/\/dev.tessacooperescritora.com\/blog\/sobre-mi-tessa-cooper-escritora-de-romantica\/#primaryimage","url":"https:\/\/dev.tessacooperescritora.com\/blog\/wp-content\/uploads\/2020\/12\/WhatsApp-Image-2020-12-31-at-00.49.17-768x1024.jpeg","contentUrl":"https:\/\/dev.tessacooperescritora.com\/blog\/wp-content\/uploads\/2020\/12\/WhatsApp-Image-2020-12-31-at-00.49.17-768x1024.jpeg"},{"@type":"BreadcrumbList","@id":"https:\/\/dev.tessacooperescritora.com\/blog\/sobre-mi-tessa-cooper-escritora-de-romantica\/#breadcrumb","itemListElement":[{"@type":"ListItem","position":1,"name":"Portada","item":"https:\/\/dev.tessacooperescritora.com\/blog\/"},{"@type":"ListItem","position":2,"name":"Mi historia"}]},{"@type":"WebSite","@id":"https:\/\/dev.tessacooperescritora.com\/blog\/#website","url":"https:\/\/dev.tessacooperescritora.com\/blog\/","name":"Tessa Cooper Escritora","description":"","potentialAction":[{"@type":"SearchAction","target":{"@type":"EntryPoint","urlTemplate":"https:\/\/dev.tessacooperescritora.com\/blog\/?s={search_term_string}"},"query-input":{"@type":"PropertyValueSpecification","valueRequired":true,"valueName":"search_term_string"}}],"inLanguage":"es"}]}},"acf":[],"_links":{"self":[{"href":"https:\/\/dev.tessacooperescritora.com\/blog\/wp-json\/wp\/v2\/pages\/1141","targetHints":{"allow":["GET"]}}],"collection":[{"href":"https:\/\/dev.tessacooperescritora.com\/blog\/wp-json\/wp\/v2\/pages"}],"about":[{"href":"https:\/\/dev.tessacooperescritora.com\/blog\/wp-json\/wp\/v2\/types\/page"}],"author":[{"embeddable":true,"href":"https:\/\/dev.tessacooperescritora.com\/blog\/wp-json\/wp\/v2\/users\/1"}],"replies":[{"embeddable":true,"href":"https:\/\/dev.tessacooperescritora.com\/blog\/wp-json\/wp\/v2\/comments?post=1141"}],"version-history":[{"count":9,"href":"https:\/\/dev.tessacooperescritora.com\/blog\/wp-json\/wp\/v2\/pages\/1141\/revisions"}],"predecessor-version":[{"id":2766,"href":"https:\/\/dev.tessacooperescritora.com\/blog\/wp-json\/wp\/v2\/pages\/1141\/revisions\/2766"}],"wp:attachment":[{"href":"https:\/\/dev.tessacooperescritora.com\/blog\/wp-json\/wp\/v2\/media?parent=1141"}],"curies":[{"name":"wp","href":"https:\/\/api.w.org\/{rel}","templated":true}]}}